{"id":1167,"date":"2022-11-10T14:28:29","date_gmt":"2022-11-10T13:28:29","guid":{"rendered":"https:\/\/rafoldesalem.websaccesibles.eu\/instancias-y-solicitudes\/"},"modified":"2023-02-21T18:03:35","modified_gmt":"2023-02-21T17:03:35","slug":"instancias-y-solicitudes","status":"publish","type":"page","link":"https:\/\/rafoldesalem.es\/es\/instancias-y-solicitudes\/","title":{"rendered":"Instancias y Solicitudes"},"content":{"rendered":"<!--themify_builder_content-->\n<div id=\"themify_builder_content-1167\" data-postid=\"1167\" class=\"themify_builder_content themify_builder_content-1167 themify_builder tf_clear\">\n                    <div  id=\"h1315\" data-lazy=\"1\" class=\"module_row themify_builder_row tb_1mc27 tb_first tf_w\">\n                        <div class=\"row_inner col_align_top tb_col_count_1 tf_box tf_rel\">\n                        <div  data-lazy=\"1\" class=\"module_column tb-column col-full tb_5czf8 first\">\n                    <!-- module text -->\n<div  class=\"module module-text tb_r3hd8  repeat \" data-lazy=\"1\" id=\"h1185\">\n        <div  class=\"tb_text_wrap\">\n        <h1><span style=\"font-weight: normal;\">Instancias y Solicitudes<\/span><\/h1>    <\/div>\n<\/div>\n<!-- \/module text -->        <\/div>\n                        <\/div>\n        <\/div>\n                        <div  data-lazy=\"1\" class=\"module_row themify_builder_row tb_8yyx482 tf_w\">\n                        <div class=\"row_inner col_align_top tb_col_count_1 tf_box tf_rel\">\n                        <div  data-lazy=\"1\" class=\"module_column tb-column col-full tb_k5tl482 first\">\n                    <!-- module icon -->\n<div  class=\"module module-icon tb_7axq832  normal none icon_horizontal \" data-lazy=\"1\">\n\t\t\t<div class=\"module-icon-item\">\n\t\t\t\t\t\t\t<a href=\"https:\/\/rafoldesalem.websaccesibles.eu\/wp-content\/uploads\/sites\/16\/2022\/12\/declaracion_responsable_obra_menor.pdf\">\n\t\t\t\t\t\t\t\t\t\t\t\t\t\t\t\t\t<img decoding=\"async\" src=\"https:\/\/rafoldesalem.websaccesibles.eu\/wp-content\/uploads\/sites\/16\/2022\/11\/carbon_document-pdf.svg\" class=\"tf_box\" title=\"Declaraci\u00f3n responsable de obra menor\" alt=\"Declaraci\u00f3n responsable de obra menor\">\t\t\t\t\t\t\t\t\t\t\t\t\t\t\t\t\t\t\t<span>Declaraci\u00f3n responsable de obra menor<\/span>\n\t\t\t\t\t\t\t\t\t\t\t\t\t\t\t\t\t<\/a>\n\t\t\t\t\t<\/div>\n\t<\/div>\n<!-- \/module icon -->\n<!-- module icon -->\n<div  class=\"module module-icon tb_034s233  normal none icon_horizontal \" data-lazy=\"1\">\n\t\t\t<div class=\"module-icon-item\">\n\t\t\t\t\t\t\t<a href=\"https:\/\/rafoldesalem.websaccesibles.eu\/wp-content\/uploads\/sites\/16\/2022\/12\/solicitud_obra_mayor.pdf\">\n\t\t\t\t\t\t\t\t\t\t\t\t\t\t\t\t\t<img decoding=\"async\" src=\"https:\/\/rafoldesalem.websaccesibles.eu\/wp-content\/uploads\/sites\/16\/2022\/11\/carbon_document-pdf.svg\" class=\"tf_box\" title=\"Solicitud de obra mayor\" alt=\"Solicitud de obra mayor\">\t\t\t\t\t\t\t\t\t\t\t\t\t\t\t\t\t\t\t<span>Solicitud de obra mayor<\/span>\n\t\t\t\t\t\t\t\t\t\t\t\t\t\t\t\t\t<\/a>\n\t\t\t\t\t<\/div>\n\t<\/div>\n<!-- \/module icon -->\n<!-- module icon -->\n<div  class=\"module module-icon tb_9ygi842  normal none icon_horizontal \" data-lazy=\"1\">\n\t\t\t<div class=\"module-icon-item\">\n\t\t\t\t\t\t\t<a href=\"https:\/\/rafoldesalem.websaccesibles.eu\/wp-content\/uploads\/sites\/16\/2022\/12\/instancia_general-1.pdf\">\n\t\t\t\t\t\t\t\t\t\t\t\t\t\t\t\t\t<img decoding=\"async\" src=\"https:\/\/rafoldesalem.websaccesibles.eu\/wp-content\/uploads\/sites\/16\/2022\/11\/carbon_document-pdf.svg\" class=\"tf_box\" title=\"Instancia general\" alt=\"Instancia general\">\t\t\t\t\t\t\t\t\t\t\t\t\t\t\t\t\t\t\t<span>Instancia general<\/span>\n\t\t\t\t\t\t\t\t\t\t\t\t\t\t\t\t\t<\/a>\n\t\t\t\t\t<\/div>\n\t<\/div>\n<!-- \/module icon -->\n        <\/div>\n                        <\/div>\n        <\/div>\n                        <div  data-lazy=\"1\" class=\"module_row themify_builder_row tb_4bju789 tf_w\">\n                        <div class=\"row_inner col_align_top tb_col_count_1 tf_box tf_rel\">\n                        <div  data-lazy=\"1\" class=\"module_column tb-column col-full tb_qiwb789 first\">\n                    <!-- module text -->\n<div  class=\"module module-text tb_sujg651   \" data-lazy=\"1\" id=\"h2225\">\n        <div  class=\"tb_text_wrap\">\n        <h2>Ficha de mantenimiento de terceros<\/h2>    <\/div>\n<\/div>\n<!-- \/module text --><!-- module text -->\n<div  class=\"module module-text tb_g3gm586   \" data-lazy=\"1\">\n        <div  class=\"tb_text_wrap\">\n        <p>30 de julio de 2021<\/p>\n<p>Ficha de terceros del Ayuntamiento de R\u00e0fol de Salem.<\/p>\n<p>Es necesario presentarla para poder realizar un alta o modificaci\u00f3n de datos de terceros al Ayuntamiento en cualquier relaci\u00f3n acreedora\/deudora. <\/p>    <\/div>\n<\/div>\n<!-- \/module text --><!-- module icon -->\n<div  class=\"module module-icon tb_xv9635  normal none icon_horizontal \" data-lazy=\"1\">\n\t\t\t<div class=\"module-icon-item\">\n\t\t\t\t\t\t\t<a href=\"https:\/\/rafoldesalem.websaccesibles.eu\/wp-content\/uploads\/sites\/16\/2022\/12\/bibliografia.pdf\">\n\t\t\t\t\t\t\t\t\t\t\t\t\t\t\t\t\t<img decoding=\"async\" src=\"https:\/\/rafoldesalem.websaccesibles.eu\/wp-content\/uploads\/sites\/16\/2022\/11\/carbon_document-pdf.svg\" class=\"tf_box\" title=\"Ficha de terceros\" alt=\"Ficha de terceros\">\t\t\t\t\t\t\t\t\t\t\t\t\t\t\t\t\t\t\t<span>Ficha de terceros<\/span>\n\t\t\t\t\t\t\t\t\t\t\t\t\t\t\t\t\t<\/a>\n\t\t\t\t\t<\/div>\n\t<\/div>\n<!-- \/module icon -->\n        <\/div>\n                        <\/div>\n        <\/div>\n        <\/div>\n<!--\/themify_builder_content-->","protected":false},"excerpt":{"rendered":"<p>Instancias y Solicitudes Declaraci\u00f3n responsable de obra menor Solicitud de obra mayor Instancia general Ficha de mantenimiento de terceros 30 de julio de 2021 Ficha de terceros del Ayuntamiento de R\u00e0fol de Salem. Es necesario presentarla para poder realizar un alta o modificaci\u00f3n de datos de terceros al Ayuntamiento en cualquier relaci\u00f3n acreedora\/deudora. Ficha de [&hellip;]<\/p>\n","protected":false},"author":1,"featured_media":0,"parent":0,"menu_order":0,"comment_status":"closed","ping_status":"closed","template":"","meta":{"footnotes":""},"class_list":["post-1167","page","type-page","status-publish","hentry","has-post-title","has-post-date","has-post-category","has-post-tag","has-post-comment","has-post-author",""],"builder_content":"<h1>Instancias y Solicitudes<\/h1>\n<a href=\"https:\/\/rafoldesalem.websaccesibles.eu\/wp-content\/uploads\/sites\/16\/2022\/12\/declaracion_responsable_obra_menor.pdf\"> <img src=\"https:\/\/rafoldesalem.websaccesibles.eu\/wp-content\/uploads\/sites\/16\/2022\/11\/carbon_document-pdf.svg\" title=\"Declaraci\u00f3n responsable de obra menor\" alt=\"Declaraci\u00f3n responsable de obra menor\"> Declaraci\u00f3n responsable de obra menor <\/a>\n<a href=\"https:\/\/rafoldesalem.websaccesibles.eu\/wp-content\/uploads\/sites\/16\/2022\/12\/solicitud_obra_mayor.pdf\"> <img src=\"https:\/\/rafoldesalem.websaccesibles.eu\/wp-content\/uploads\/sites\/16\/2022\/11\/carbon_document-pdf.svg\" title=\"Solicitud de obra mayor\" alt=\"Solicitud de obra mayor\"> Solicitud de obra mayor <\/a>\n<a href=\"https:\/\/rafoldesalem.websaccesibles.eu\/wp-content\/uploads\/sites\/16\/2022\/12\/instancia_general-1.pdf\"> <img src=\"https:\/\/rafoldesalem.websaccesibles.eu\/wp-content\/uploads\/sites\/16\/2022\/11\/carbon_document-pdf.svg\" title=\"Instancia general\" alt=\"Instancia general\"> Instancia general <\/a>\n<h2>Ficha de mantenimiento de terceros<\/h2>\n<p>30 de julio de 2021<\/p> <p>Ficha de terceros del Ayuntamiento de R\u00e0fol de Salem.<\/p> <p>Es necesario presentarla para poder realizar un alta o modificaci\u00f3n de datos de terceros al Ayuntamiento en cualquier relaci\u00f3n acreedora\/deudora. <\/p>\n<a href=\"https:\/\/rafoldesalem.websaccesibles.eu\/wp-content\/uploads\/sites\/16\/2022\/12\/bibliografia.pdf\"> <img src=\"https:\/\/rafoldesalem.websaccesibles.eu\/wp-content\/uploads\/sites\/16\/2022\/11\/carbon_document-pdf.svg\" title=\"Ficha de terceros\" alt=\"Ficha de terceros\"> Ficha de terceros <\/a>","_links":{"self":[{"href":"https:\/\/rafoldesalem.es\/es\/wp-json\/wp\/v2\/pages\/1167","targetHints":{"allow":["GET"]}}],"collection":[{"href":"https:\/\/rafoldesalem.es\/es\/wp-json\/wp\/v2\/pages"}],"about":[{"href":"https:\/\/rafoldesalem.es\/es\/wp-json\/wp\/v2\/types\/page"}],"author":[{"embeddable":true,"href":"https:\/\/rafoldesalem.es\/es\/wp-json\/wp\/v2\/users\/1"}],"replies":[{"embeddable":true,"href":"https:\/\/rafoldesalem.es\/es\/wp-json\/wp\/v2\/comments?post=1167"}],"version-history":[{"count":9,"href":"https:\/\/rafoldesalem.es\/es\/wp-json\/wp\/v2\/pages\/1167\/revisions"}],"predecessor-version":[{"id":3330,"href":"https:\/\/rafoldesalem.es\/es\/wp-json\/wp\/v2\/pages\/1167\/revisions\/3330"}],"wp:attachment":[{"href":"https:\/\/rafoldesalem.es\/es\/wp-json\/wp\/v2\/media?parent=1167"}],"curies":[{"name":"wp","href":"https:\/\/api.w.org\/{rel}","templated":true}]}}