{"id":1204,"date":"2022-11-09T12:24:53","date_gmt":"2022-11-09T11:24:53","guid":{"rendered":"https:\/\/rafoldesalem.websaccesibles.eu\/agencia-de-desarrollo-local\/"},"modified":"2022-12-02T17:41:37","modified_gmt":"2022-12-02T16:41:37","slug":"agencia-de-desarrollo-local","status":"publish","type":"page","link":"https:\/\/rafoldesalem.es\/es\/agencia-de-desarrollo-local\/","title":{"rendered":"Agencia de Desarrollo Local"},"content":{"rendered":"<!--themify_builder_content-->\n<div id=\"themify_builder_content-1204\" data-postid=\"1204\" class=\"themify_builder_content themify_builder_content-1204 themify_builder tf_clear\">\n                    <div  id=\"h1310\" data-lazy=\"1\" class=\"module_row themify_builder_row tb_p021830 tb_first tf_w\">\n                        <div class=\"row_inner col_align_top tb_col_count_1 tf_box tf_rel\">\n                        <div  data-lazy=\"1\" class=\"module_column tb-column col-full tb_315t830 first\">\n                    <!-- module text -->\n<div  class=\"module module-text tb_ei4x830  repeat \" data-lazy=\"1\" id=\"h1129\">\n        <div  class=\"tb_text_wrap\">\n        <h1><span style=\"font-weight: normal;\">Agencia de Desarrollo Local<\/span><\/h1>    <\/div>\n<\/div>\n<!-- \/module text -->        <\/div>\n                        <\/div>\n        <\/div>\n                        <div  data-lazy=\"1\" class=\"module_row themify_builder_row tb_svw7953 tf_w\">\n                        <div class=\"row_inner col_align_top tb_col_count_1 tf_box tf_rel\">\n                        <div  data-lazy=\"1\" class=\"module_column tb-column col-full tb_lw96953 first\">\n                    <!-- module plain text -->\n<div  class=\"module module-plain-text tb_h4ox193 \" data-lazy=\"1\" id=\"h1130\">\n        <div class=\"tb_text_wrap\">\n    <h2>Agencia de empleo y desarrollo local<\/h2>\n    <\/div>\n<\/div>\n<!-- \/module plain text -->        <\/div>\n                        <\/div>\n        <\/div>\n                        <div  data-lazy=\"1\" class=\"module_row themify_builder_row tb_g5iy263 tf_w\">\n                        <div class=\"row_inner col_align_top tb_col_count_1 tf_box tf_rel\">\n                        <div  data-lazy=\"1\" class=\"module_column tb-column col-full tb_rq7g263 first\">\n                    <!-- module plain text -->\n<div  class=\"module module-plain-text tb_750l263 \" data-lazy=\"1\">\n        <div class=\"tb_text_wrap\">\n    <p>\nTiene como funci\u00f3n principal colaborar en la implantaci\u00f3n de las pol\u00edticas activas de empleo, en la promoci\u00f3n de la actividad empresarial y de toda aquella actividad dirigida al desarrollo del territorio, con el fin de mejorar la calidad de vida de sus ciudadanos y ciudadanas. Son las t\u00e9cnicas o t\u00e9cnicos que hacen de interlocutoras entre el empresariado y la administraci\u00f3n p\u00fablica para conseguir un equilibrio din\u00e1mico para el desarrollo sostenible de la zona. \n<\/p>    <\/div>\n<\/div>\n<!-- \/module plain text --><!-- module plain text -->\n<div  class=\"module module-plain-text tb_uz1l263 \" data-lazy=\"1\">\n        <div class=\"tb_text_wrap\">\n    <p>\nObjetivos generales\n<\/p>\n<ol>\n  <li>Dar soporte t\u00e9cnico a la creaci\u00f3n de actividad econ\u00f3mica<\/li>\n  <li>Difundir y estimular que se pongan en marcha las oportunidades de creaci\u00f3n de actividad econ\u00f3mica potenciales<\/li>\n  <li>Desarrollar los pactos locales como instrumentos para conseguir m\u00e1s empleo y mejor, mediante la acci\u00f3n concertada y la coordinaci\u00f3n de actuaciones integrales<\/li>\n<\/ol>     <\/div>\n<\/div>\n<!-- \/module plain text -->        <\/div>\n                        <\/div>\n        <\/div>\n        <\/div>\n<!--\/themify_builder_content-->","protected":false},"excerpt":{"rendered":"<p>Agencia de Desarrollo Local Agencia de empleo y desarrollo local Tiene como funci\u00f3n principal colaborar en la implantaci\u00f3n de las pol\u00edticas activas de empleo, en la promoci\u00f3n de la actividad empresarial y de toda aquella actividad dirigida al desarrollo del territorio, con el fin de mejorar la calidad de vida de sus ciudadanos y ciudadanas. [&hellip;]<\/p>\n","protected":false},"author":1,"featured_media":0,"parent":0,"menu_order":0,"comment_status":"closed","ping_status":"closed","template":"","meta":{"footnotes":""},"class_list":["post-1204","page","type-page","status-publish","hentry","has-post-title","has-post-date","has-post-category","has-post-tag","has-post-comment","has-post-author",""],"builder_content":"<h1>Agencia de Desarrollo Local<\/h1>\n<h2>Agencia de empleo y desarrollo local<\/h2>\n<p> Tiene como funci\u00f3n principal colaborar en la implantaci\u00f3n de las pol\u00edticas activas de empleo, en la promoci\u00f3n de la actividad empresarial y de toda aquella actividad dirigida al desarrollo del territorio, con el fin de mejorar la calidad de vida de sus ciudadanos y ciudadanas. Son las t\u00e9cnicas o t\u00e9cnicos que hacen de interlocutoras entre el empresariado y la administraci\u00f3n p\u00fablica para conseguir un equilibrio din\u00e1mico para el desarrollo sostenible de la zona. <\/p>\n<p> Objetivos generales <\/p> <ol> <li>Dar soporte t\u00e9cnico a la creaci\u00f3n de actividad econ\u00f3mica<\/li> <li>Difundir y estimular que se pongan en marcha las oportunidades de creaci\u00f3n de actividad econ\u00f3mica potenciales<\/li> <li>Desarrollar los pactos locales como instrumentos para conseguir m\u00e1s empleo y mejor, mediante la acci\u00f3n concertada y la coordinaci\u00f3n de actuaciones integrales<\/li> <\/ol>","_links":{"self":[{"href":"https:\/\/rafoldesalem.es\/es\/wp-json\/wp\/v2\/pages\/1204","targetHints":{"allow":["GET"]}}],"collection":[{"href":"https:\/\/rafoldesalem.es\/es\/wp-json\/wp\/v2\/pages"}],"about":[{"href":"https:\/\/rafoldesalem.es\/es\/wp-json\/wp\/v2\/types\/page"}],"author":[{"embeddable":true,"href":"https:\/\/rafoldesalem.es\/es\/wp-json\/wp\/v2\/users\/1"}],"replies":[{"embeddable":true,"href":"https:\/\/rafoldesalem.es\/es\/wp-json\/wp\/v2\/comments?post=1204"}],"version-history":[{"count":9,"href":"https:\/\/rafoldesalem.es\/es\/wp-json\/wp\/v2\/pages\/1204\/revisions"}],"predecessor-version":[{"id":2402,"href":"https:\/\/rafoldesalem.es\/es\/wp-json\/wp\/v2\/pages\/1204\/revisions\/2402"}],"wp:attachment":[{"href":"https:\/\/rafoldesalem.es\/es\/wp-json\/wp\/v2\/media?parent=1204"}],"curies":[{"name":"wp","href":"https:\/\/api.w.org\/{rel}","templated":true}]}}