{"id":1424,"date":"2022-11-09T18:01:43","date_gmt":"2022-11-09T17:01:43","guid":{"rendered":"https:\/\/rafoldesalem.websaccesibles.eu\/emprende-en-3\/"},"modified":"2022-12-02T18:31:53","modified_gmt":"2022-12-02T17:31:53","slug":"emprende-en-3","status":"publish","type":"page","link":"https:\/\/rafoldesalem.es\/es\/emprende-en-3\/","title":{"rendered":"Emprende en 3"},"content":{"rendered":"<!--themify_builder_content-->\n<div id=\"themify_builder_content-1424\" data-postid=\"1424\" class=\"themify_builder_content themify_builder_content-1424 themify_builder tf_clear\">\n                    <div  id=\"h1319\" data-lazy=\"1\" class=\"module_row themify_builder_row tb_k77z011 tb_first tf_w\">\n                        <div class=\"row_inner col_align_top tb_col_count_1 tf_box tf_rel\">\n                        <div  data-lazy=\"1\" class=\"module_column tb-column col-full tb_ot2k000 first\">\n                    <!-- module text -->\n<div  class=\"module module-text tb_71s7000  repeat \" data-lazy=\"1\" id=\"h1163\">\n        <div  class=\"tb_text_wrap\">\n        <h1><span style=\"white-space: pre-wrap;\">Emprende en 3<br><\/span><\/h1>    <\/div>\n<\/div>\n<!-- \/module text -->        <\/div>\n                        <\/div>\n        <\/div>\n                        <div  data-lazy=\"1\" class=\"module_row themify_builder_row tb_nvjf300 tf_w\">\n                        <div class=\"row_inner col_align_top tb_col_count_1 tf_box tf_rel\">\n                        <div  data-lazy=\"1\" class=\"module_column tb-column col-full tb_8ank060 first\">\n                    <!-- module plain text -->\n<div  class=\"module module-plain-text tb_ppa5241 \" data-lazy=\"1\">\n        <div class=\"tb_text_wrap\">\n    <p>\nPor medio del presente se hace p\u00fablico que, a partir del 15 de enero de 2015, el punto de registro \u00fanico de facturas electr\u00f3nicas dirigidas al Ayuntamiento de R\u00e0fol de Salem, es la habilidad en la plataforma electr\u00f3nica \u00abFACE\u00bb del ministerio de &#8216;Hacienda y Administraciones P\u00fablicas <a href=\"https:\/\/face.gob.es\" target=\"_blank\"> (https:\/\/face.gob.es)<\/a>.\n<\/p>\n    <\/div>\n<\/div>\n<!-- \/module plain text -->        <\/div>\n                        <\/div>\n        <\/div>\n                        <div  data-lazy=\"1\" class=\"module_row themify_builder_row tb_8n2p360 tf_w\">\n                        <div class=\"row_inner col_align_top tb_col_count_1 tf_box tf_rel\">\n                        <div  data-lazy=\"1\" class=\"module_column tb-column col-full tb_84du361 first\">\n                    <!-- module icon -->\n<div  class=\"module module-icon tb_dk0f837  large none icon_horizontal \" data-lazy=\"1\">\n\t\t\t<div class=\"module-icon-item\">\n\t\t\t\t\t\t\t<a href=\"https:\/\/administracion.gob.es\/\" rel=\"noopener\" target=\"_blank\">\n\t\t\t\t\t\t\t\t\t\t\t\t\t\t\t\t\t<img decoding=\"async\" src=\"https:\/\/rafoldesalem.websaccesibles.eu\/wp-content\/uploads\/sites\/16\/2022\/11\/bi_link-45deg-1.svg\" class=\"tf_box\" title=\"Informaci\u00f3n general\" alt=\"Informaci\u00f3n general\">\t\t\t\t\t\t\t\t\t\t\t\t\t\t\t\t\t\t\t<span>Informaci\u00f3n general<\/span>\n\t\t\t\t\t\t\t\t\t\t\t\t\t\t\t\t\t<\/a>\n\t\t\t\t\t<\/div>\n\t<\/div>\n<!-- \/module icon -->\n<!-- module icon -->\n<div  class=\"module module-icon tb_hoi7532  large none icon_horizontal \" data-lazy=\"1\">\n\t\t\t<div class=\"module-icon-item\">\n\t\t\t\t\t\t\t<a href=\"https:\/\/eugo.es\/es-ES\/Account\/Index?ReturnUrl=https%3A%2F%2Feugo.es%2F\" rel=\"noopener\" target=\"_blank\">\n\t\t\t\t\t\t\t\t\t\t\t\t\t\t\t\t\t<img decoding=\"async\" src=\"https:\/\/rafoldesalem.websaccesibles.eu\/wp-content\/uploads\/sites\/16\/2022\/11\/bi_link-45deg-1.svg\" class=\"tf_box\" title=\"EUGO \u201cVentanilla \u00fanica\u201d\" alt=\"EUGO \u201cVentanilla \u00fanica\u201d\">\t\t\t\t\t\t\t\t\t\t\t\t\t\t\t\t\t\t\t<span>EUGO \u201cVentanilla \u00fanica\u201d<\/span>\n\t\t\t\t\t\t\t\t\t\t\t\t\t\t\t\t\t<\/a>\n\t\t\t\t\t<\/div>\n\t<\/div>\n<!-- \/module icon -->\n<!-- module icon -->\n<div  class=\"module module-icon tb_5txa124  large none icon_horizontal \" data-lazy=\"1\">\n\t\t\t<div class=\"module-icon-item\">\n\t\t\t\t\t\t\t<a href=\"https:\/\/eugo.es\/es-ES\/Error\/Http404?aspxerrorpath=\/POVUDS_web\/appmanager\/portal\/desktop\" rel=\"noopener\" target=\"_blank\">\n\t\t\t\t\t\t\t\t\t\t\t\t\t\t\t\t\t<img decoding=\"async\" src=\"https:\/\/rafoldesalem.websaccesibles.eu\/wp-content\/uploads\/sites\/16\/2022\/11\/bi_link-45deg-1.svg\" class=\"tf_box\" title=\"Acceso de los Emprendedores\" alt=\"Acceso de los Emprendedores\">\t\t\t\t\t\t\t\t\t\t\t\t\t\t\t\t\t\t\t<span>Acceso de los Emprendedores<\/span>\n\t\t\t\t\t\t\t\t\t\t\t\t\t\t\t\t\t<\/a>\n\t\t\t\t\t<\/div>\n\t<\/div>\n<!-- \/module icon -->\n        <\/div>\n                        <\/div>\n        <\/div>\n        <\/div>\n<!--\/themify_builder_content-->","protected":false},"excerpt":{"rendered":"<p>Emprende en 3 Por medio del presente se hace p\u00fablico que, a partir del 15 de enero de 2015, el punto de registro \u00fanico de facturas electr\u00f3nicas dirigidas al Ayuntamiento de R\u00e0fol de Salem, es la habilidad en la plataforma electr\u00f3nica \u00abFACE\u00bb del ministerio de &#8216;Hacienda y Administraciones P\u00fablicas (https:\/\/face.gob.es). Informaci\u00f3n general EUGO \u201cVentanilla \u00fanica\u201d [&hellip;]<\/p>\n","protected":false},"author":1,"featured_media":0,"parent":0,"menu_order":0,"comment_status":"closed","ping_status":"closed","template":"","meta":{"footnotes":""},"class_list":["post-1424","page","type-page","status-publish","hentry","has-post-title","has-post-date","has-post-category","has-post-tag","has-post-comment","has-post-author",""],"builder_content":"<h1>Emprende en 3<br><\/h1>\n<p> Por medio del presente se hace p\u00fablico que, a partir del 15 de enero de 2015, el punto de registro \u00fanico de facturas electr\u00f3nicas dirigidas al Ayuntamiento de R\u00e0fol de Salem, es la habilidad en la plataforma electr\u00f3nica \"FACE\" del ministerio de 'Hacienda y Administraciones P\u00fablicas <a href=\"https:\/\/face.gob.es\" target=\"_blank\"> (https:\/\/face.gob.es)<\/a>. <\/p>\n<a href=\"https:\/\/administracion.gob.es\/\" rel=\"noopener\" target=\"_blank\"> <img src=\"https:\/\/rafoldesalem.websaccesibles.eu\/wp-content\/uploads\/sites\/16\/2022\/11\/bi_link-45deg-1.svg\" title=\"Informaci\u00f3n general\" alt=\"Informaci\u00f3n general\"> Informaci\u00f3n general <\/a>\n<a href=\"https:\/\/eugo.es\/es-ES\/Account\/Index?ReturnUrl=https%3A%2F%2Feugo.es%2F\" rel=\"noopener\" target=\"_blank\"> <img src=\"https:\/\/rafoldesalem.websaccesibles.eu\/wp-content\/uploads\/sites\/16\/2022\/11\/bi_link-45deg-1.svg\" title=\"EUGO \u201cVentanilla \u00fanica\u201d\" alt=\"EUGO \u201cVentanilla \u00fanica\u201d\"> EUGO \u201cVentanilla \u00fanica\u201d <\/a>\n<a href=\"https:\/\/eugo.es\/es-ES\/Error\/Http404?aspxerrorpath=\/POVUDS_web\/appmanager\/portal\/desktop\" rel=\"noopener\" target=\"_blank\"> <img src=\"https:\/\/rafoldesalem.websaccesibles.eu\/wp-content\/uploads\/sites\/16\/2022\/11\/bi_link-45deg-1.svg\" title=\"Acceso de los Emprendedores\" alt=\"Acceso de los Emprendedores\"> Acceso de los Emprendedores <\/a>","_links":{"self":[{"href":"https:\/\/rafoldesalem.es\/es\/wp-json\/wp\/v2\/pages\/1424","targetHints":{"allow":["GET"]}}],"collection":[{"href":"https:\/\/rafoldesalem.es\/es\/wp-json\/wp\/v2\/pages"}],"about":[{"href":"https:\/\/rafoldesalem.es\/es\/wp-json\/wp\/v2\/types\/page"}],"author":[{"embeddable":true,"href":"https:\/\/rafoldesalem.es\/es\/wp-json\/wp\/v2\/users\/1"}],"replies":[{"embeddable":true,"href":"https:\/\/rafoldesalem.es\/es\/wp-json\/wp\/v2\/comments?post=1424"}],"version-history":[{"count":7,"href":"https:\/\/rafoldesalem.es\/es\/wp-json\/wp\/v2\/pages\/1424\/revisions"}],"predecessor-version":[{"id":2423,"href":"https:\/\/rafoldesalem.es\/es\/wp-json\/wp\/v2\/pages\/1424\/revisions\/2423"}],"wp:attachment":[{"href":"https:\/\/rafoldesalem.es\/es\/wp-json\/wp\/v2\/media?parent=1424"}],"curies":[{"name":"wp","href":"https:\/\/api.w.org\/{rel}","templated":true}]}}