{"id":1428,"date":"2022-11-09T17:15:35","date_gmt":"2022-11-09T16:15:35","guid":{"rendered":"https:\/\/rafoldesalem.websaccesibles.eu\/punto-de-informacion-catastral\/"},"modified":"2022-12-02T18:27:44","modified_gmt":"2022-12-02T17:27:44","slug":"punto-de-informacion-catastral","status":"publish","type":"page","link":"https:\/\/rafoldesalem.es\/es\/punto-de-informacion-catastral\/","title":{"rendered":"Punto de Informaci\u00f3n Catastral"},"content":{"rendered":"<!--themify_builder_content-->\n<div id=\"themify_builder_content-1428\" data-postid=\"1428\" class=\"themify_builder_content themify_builder_content-1428 themify_builder tf_clear\">\n                    <div  id=\"h1317\" data-lazy=\"1\" class=\"module_row themify_builder_row tb_k77z011 tb_first tf_w\">\n                        <div class=\"row_inner col_align_top tb_col_count_1 tf_box tf_rel\">\n                        <div  data-lazy=\"1\" class=\"module_column tb-column col-full tb_ot2k000 first\">\n                    <!-- module text -->\n<div  class=\"module module-text tb_71s7000  repeat \" data-lazy=\"1\" id=\"h1199\">\n        <div  class=\"tb_text_wrap\">\n        <h1><span style=\"white-space: pre-wrap;\">PIC &#8211; \u00abPunto de Informaci\u00f3n Catastral\u00bb<br><\/span><\/h1>    <\/div>\n<\/div>\n<!-- \/module text -->        <\/div>\n                        <\/div>\n        <\/div>\n                        <div  data-lazy=\"1\" class=\"module_row themify_builder_row tb_nvjf300 tf_w\">\n                        <div class=\"row_inner col_align_top tb_col_count_2 tf_box tf_rel\">\n                        <div  data-lazy=\"1\" class=\"module_column tb-column col4-2 tb_8ank060 first\">\n                    <!-- module image -->\n<div  class=\"module module-image tb_t4zn501 image-center   tf_mw\" data-lazy=\"1\" id=\"h1200\">\n        <div class=\"image-wrap tf_rel tf_mw\">\n            <img loading=\"lazy\" decoding=\"async\" src=\"https:\/\/rafoldesalem.websaccesibles.eu\/wp-content\/uploads\/sites\/16\/2022\/11\/punto-de-informacon-catastral-1.png\" width=\"338\" height=\"268\" title=\"Punto de Informaci\u00f3n Catastral\" alt=\"Punto de Informaci\u00f3n Catastral\">    \n        <\/div>\n    <!-- \/image-wrap -->\n    \n        <\/div>\n<!-- \/module image -->        <\/div>\n                    <div  data-lazy=\"1\" class=\"module_column tb-column col4-2 tb_lf1h129 last\">\n                    <!-- module plain text -->\n<div  class=\"module module-plain-text tb_n478161 \" data-lazy=\"1\">\n        <div class=\"tb_text_wrap\">\n    <p>\nEl Ayuntamiento de R\u00e0fol de Salem cuenta con el servicio <b>PIC \u00abPunto de Informaci\u00f3n Catastral\u00bb<\/b>.<br><br>\n\nLos PICs son oficinas autorizadas por la Direcci\u00f3n General de Catastro en distintas organizaciones p\u00fablicas, donde los ciudadanos pueden acceder a la informaci\u00f3n catastral.<br><br>\n\nPara poder acceder a este servicio es necesario que el titular se persone en el Ayuntamiento y acredite su identidad mediante el DNI en vigor.<br><br>\n\nEl horario del Punto de Informaci\u00f3n Catastral es: De lunes a viernes de 11:30 a 15:00 h.\n<\/p>\n    <\/div>\n<\/div>\n<!-- \/module plain text -->        <\/div>\n                        <\/div>\n        <\/div>\n        <\/div>\n<!--\/themify_builder_content-->","protected":false},"excerpt":{"rendered":"<p>PIC &#8211; \u00abPunto de Informaci\u00f3n Catastral\u00bb El Ayuntamiento de R\u00e0fol de Salem cuenta con el servicio PIC \u00abPunto de Informaci\u00f3n Catastral\u00bb. Los PICs son oficinas autorizadas por la Direcci\u00f3n General de Catastro en distintas organizaciones p\u00fablicas, donde los ciudadanos pueden acceder a la informaci\u00f3n catastral. Para poder acceder a este servicio es necesario que el [&hellip;]<\/p>\n","protected":false},"author":1,"featured_media":0,"parent":0,"menu_order":0,"comment_status":"closed","ping_status":"closed","template":"","meta":{"footnotes":""},"class_list":["post-1428","page","type-page","status-publish","hentry","has-post-title","has-post-date","has-post-category","has-post-tag","has-post-comment","has-post-author",""],"builder_content":"<h1>PIC - \"Punto de Informaci\u00f3n Catastral\"<br><\/h1>\n<img src=\"https:\/\/rafoldesalem.websaccesibles.eu\/wp-content\/uploads\/sites\/16\/2022\/11\/punto-de-informacon-catastral-1.png\" width=\"338\" height=\"268\" title=\"Punto de Informaci\u00f3n Catastral\" alt=\"Punto de Informaci\u00f3n Catastral\">\n<p> El Ayuntamiento de R\u00e0fol de Salem cuenta con el servicio <b>PIC \"Punto de Informaci\u00f3n Catastral\"<\/b>.<br><br>\nLos PICs son oficinas autorizadas por la Direcci\u00f3n General de Catastro en distintas organizaciones p\u00fablicas, donde los ciudadanos pueden acceder a la informaci\u00f3n catastral.<br><br>\nPara poder acceder a este servicio es necesario que el titular se persone en el Ayuntamiento y acredite su identidad mediante el DNI en vigor.<br><br>\nEl horario del Punto de Informaci\u00f3n Catastral es: De lunes a viernes de 11:30 a 15:00 h. <\/p>","_links":{"self":[{"href":"https:\/\/rafoldesalem.es\/es\/wp-json\/wp\/v2\/pages\/1428","targetHints":{"allow":["GET"]}}],"collection":[{"href":"https:\/\/rafoldesalem.es\/es\/wp-json\/wp\/v2\/pages"}],"about":[{"href":"https:\/\/rafoldesalem.es\/es\/wp-json\/wp\/v2\/types\/page"}],"author":[{"embeddable":true,"href":"https:\/\/rafoldesalem.es\/es\/wp-json\/wp\/v2\/users\/1"}],"replies":[{"embeddable":true,"href":"https:\/\/rafoldesalem.es\/es\/wp-json\/wp\/v2\/comments?post=1428"}],"version-history":[{"count":5,"href":"https:\/\/rafoldesalem.es\/es\/wp-json\/wp\/v2\/pages\/1428\/revisions"}],"predecessor-version":[{"id":2418,"href":"https:\/\/rafoldesalem.es\/es\/wp-json\/wp\/v2\/pages\/1428\/revisions\/2418"}],"wp:attachment":[{"href":"https:\/\/rafoldesalem.es\/es\/wp-json\/wp\/v2\/media?parent=1428"}],"curies":[{"name":"wp","href":"https:\/\/api.w.org\/{rel}","templated":true}]}}