{"id":1563,"date":"2022-11-09T11:39:45","date_gmt":"2022-11-09T10:39:45","guid":{"rendered":"https:\/\/rafoldesalem.websaccesibles.eu\/saludo-de-la-alcaldessa\/"},"modified":"2023-01-25T17:22:37","modified_gmt":"2023-01-25T16:22:37","slug":"saludo-de-la-alcaldesa","status":"publish","type":"page","link":"https:\/\/rafoldesalem.es\/es\/saludo-de-la-alcaldesa\/","title":{"rendered":"Saludo de la Alcaldesa"},"content":{"rendered":"<!--themify_builder_content-->\n<div id=\"themify_builder_content-1563\" data-postid=\"1563\" class=\"themify_builder_content themify_builder_content-1563 themify_builder tf_clear\">\n                    <div  id=\"h1311\" data-lazy=\"1\" class=\"module_row themify_builder_row tb_u24g717 tb_first tf_w\">\n                        <div class=\"row_inner col_align_top tb_col_count_1 tf_box tf_rel\">\n                        <div  data-lazy=\"1\" class=\"module_column tb-column col-full tb_fvsv717 first\">\n                    <!-- module text -->\n<div  class=\"module module-text tb_4oz8717  repeat \" data-lazy=\"1\" id=\"h1208\">\n        <div  class=\"tb_text_wrap\">\n        <h1><span style=\"font-weight: normal;\">Saludo de<br>la Alcald\u00eda<\/span><\/h1>    <\/div>\n<\/div>\n<!-- \/module text -->        <\/div>\n                        <\/div>\n        <\/div>\n                        <div  data-lazy=\"1\" class=\"module_row themify_builder_row tb_ch7x627 tf_w\">\n                        <div class=\"row_inner col_align_top tb_col_count_1 tf_box tf_rel\">\n                        <div  data-lazy=\"1\" class=\"module_column tb-column col-full tb_3gbp628 first\">\n                    <!-- module text -->\n<div  class=\"module module-text tb_ffti99   \" data-lazy=\"1\">\n        <div  class=\"tb_text_wrap\">\n        <p><span style=\"font-weight: 400;\">R\u00e1fol de Salem es un municipio de casi 500 habitantes. Estamos ubicados al sur de la provincia de Valencia, a los pies del Paraje Protegido de la Sierra Benicadell.<\/span><\/p>\n<p><span style=\"font-weight: 400;\">Hoy en d\u00eda vivir en un pueblo peque\u00f1o es sin\u00f3nimo de calidad de vida, puesto que estamos bien ubicados, tenemos servicios b\u00e1sicos de calidad, escuela p\u00fablica, comedor, fibra \u00f3ptica, proximidad al enclave natural m\u00e1s importante de la comarca de la Vall d&#8217;Albaida como es la Sierra Benicadell y a 25 minutos de la playa. Con todo esto, hace que la comodidad de vivir aqu\u00ed sea permanente y constante.<\/span><\/p>\n<p><span style=\"font-weight: 400;\">No nos olvidamos que las nuevas tecnolog\u00edas han venido para quedarse, as\u00ed que desde el Ayuntamiento del R\u00e1fol nos vamos adaptando a\u00f1o tras a\u00f1o, para poder facilitar la vida tecnol\u00f3gica a la ciudadan\u00eda, adem\u00e1s de acercar la administraci\u00f3n local a todas las personas usuarias interesadas.<\/span><\/p>\n<p><span style=\"font-weight: 400;\">Muestra de esta actualidad es esta nueva web accesible que ayudar\u00e1 a las personas que tenemos alguna diversidad funcional a poder encontrar la informaci\u00f3n que buscamos con rapidez, sin barreras y con integraci\u00f3n social.<\/span><\/p>\n<p><span style=\"font-weight: 400;\">Esperamos que esta visita digital sea productiva, esperamos verlos personalmente en el R\u00e1fol.<\/span><\/p>\n<p><span style=\"font-weight: 400;\">Saludos.<\/span><\/p>    <\/div>\n<\/div>\n<!-- \/module text -->        <\/div>\n                        <\/div>\n        <\/div>\n                        <div  data-lazy=\"1\" class=\"module_row themify_builder_row tb_9flp569 tf_w\">\n                        <div class=\"row_inner col_align_middle tb_col_count_2 tf_box tf_rel\">\n                        <div  data-lazy=\"1\" class=\"module_column tb-column tb_vjfq570 first\">\n                    <!-- module image -->\n<div  class=\"module module-image tb_rzva111 image-center circle  tf_mw\" data-lazy=\"1\" id=\"h1312\">\n        <div class=\"image-wrap tf_rel tf_mw\">\n            <img loading=\"lazy\" decoding=\"async\" src=\"https:\/\/rafoldesalem.websaccesibles.eu\/wp-content\/uploads\/sites\/16\/2022\/11\/alcalde-rafoldesalem-1.png\" width=\"175\" height=\"175\" title=\"Saludo de la Alcaldesa\" alt=\"Saludo de la Alcaldesa\">    \n        <\/div>\n    <!-- \/image-wrap -->\n    \n        <\/div>\n<!-- \/module image -->        <\/div>\n                    <div  data-lazy=\"1\" class=\"module_column tb-column tb_2hz5570 last\">\n                    <!-- module text -->\n<div  class=\"module module-text tb_jqmd590   \" data-lazy=\"1\">\n        <div  class=\"tb_text_wrap\">\n        <h3><strong>SRA. D\u00aa CAROLINA MENGUAL CORTELL<\/strong><\/h3>\n<h3>Alcaldesa-Presidenta del Ayuntamiento del R\u00e0fol de Salem.<\/h3>\n<h3>Regidora Delegada<\/h3>    <\/div>\n<\/div>\n<!-- \/module text -->        <\/div>\n                        <\/div>\n        <\/div>\n        <\/div>\n<!--\/themify_builder_content-->","protected":false},"excerpt":{"rendered":"<p>Saludo dela Alcald\u00eda R\u00e1fol de Salem es un municipio de casi 500 habitantes. Estamos ubicados al sur de la provincia de Valencia, a los pies del Paraje Protegido de la Sierra Benicadell. Hoy en d\u00eda vivir en un pueblo peque\u00f1o es sin\u00f3nimo de calidad de vida, puesto que estamos bien ubicados, tenemos servicios b\u00e1sicos de [&hellip;]<\/p>\n","protected":false},"author":1,"featured_media":0,"parent":0,"menu_order":0,"comment_status":"closed","ping_status":"closed","template":"","meta":{"footnotes":""},"class_list":["post-1563","page","type-page","status-publish","hentry","has-post-title","has-post-date","has-post-category","has-post-tag","has-post-comment","has-post-author",""],"builder_content":"<h1>Saludo de<br>la Alcald\u00eda<\/h1>\n<p>R\u00e1fol de Salem es un municipio de casi 500 habitantes. Estamos ubicados al sur de la provincia de Valencia, a los pies del Paraje Protegido de la Sierra Benicadell.<\/p> <p>Hoy en d\u00eda vivir en un pueblo peque\u00f1o es sin\u00f3nimo de calidad de vida, puesto que estamos bien ubicados, tenemos servicios b\u00e1sicos de calidad, escuela p\u00fablica, comedor, fibra \u00f3ptica, proximidad al enclave natural m\u00e1s importante de la comarca de la Vall d'Albaida como es la Sierra Benicadell y a 25 minutos de la playa. Con todo esto, hace que la comodidad de vivir aqu\u00ed sea permanente y constante.<\/p> <p>No nos olvidamos que las nuevas tecnolog\u00edas han venido para quedarse, as\u00ed que desde el Ayuntamiento del R\u00e1fol nos vamos adaptando a\u00f1o tras a\u00f1o, para poder facilitar la vida tecnol\u00f3gica a la ciudadan\u00eda, adem\u00e1s de acercar la administraci\u00f3n local a todas las personas usuarias interesadas.<\/p> <p>Muestra de esta actualidad es esta nueva web accesible que ayudar\u00e1 a las personas que tenemos alguna diversidad funcional a poder encontrar la informaci\u00f3n que buscamos con rapidez, sin barreras y con integraci\u00f3n social.<\/p> <p>Esperamos que esta visita digital sea productiva, esperamos verlos personalmente en el R\u00e1fol.<\/p> <p>Saludos.<\/p>\n<img src=\"https:\/\/rafoldesalem.websaccesibles.eu\/wp-content\/uploads\/sites\/16\/2022\/11\/alcalde-rafoldesalem-1.png\" width=\"175\" height=\"175\" title=\"Saludo de la Alcaldesa\" alt=\"Saludo de la Alcaldesa\">\n<h3><strong>SRA. D\u00aa CAROLINA MENGUAL CORTELL<\/strong><\/h3> <h3>Alcaldesa-Presidenta del Ayuntamiento del R\u00e0fol de Salem.<\/h3> <h3>Regidora Delegada<\/h3>","_links":{"self":[{"href":"https:\/\/rafoldesalem.es\/es\/wp-json\/wp\/v2\/pages\/1563","targetHints":{"allow":["GET"]}}],"collection":[{"href":"https:\/\/rafoldesalem.es\/es\/wp-json\/wp\/v2\/pages"}],"about":[{"href":"https:\/\/rafoldesalem.es\/es\/wp-json\/wp\/v2\/types\/page"}],"author":[{"embeddable":true,"href":"https:\/\/rafoldesalem.es\/es\/wp-json\/wp\/v2\/users\/1"}],"replies":[{"embeddable":true,"href":"https:\/\/rafoldesalem.es\/es\/wp-json\/wp\/v2\/comments?post=1563"}],"version-history":[{"count":17,"href":"https:\/\/rafoldesalem.es\/es\/wp-json\/wp\/v2\/pages\/1563\/revisions"}],"predecessor-version":[{"id":3060,"href":"https:\/\/rafoldesalem.es\/es\/wp-json\/wp\/v2\/pages\/1563\/revisions\/3060"}],"wp:attachment":[{"href":"https:\/\/rafoldesalem.es\/es\/wp-json\/wp\/v2\/media?parent=1563"}],"curies":[{"name":"wp","href":"https:\/\/api.w.org\/{rel}","templated":true}]}}