{"id":1607,"date":"2022-11-10T10:52:32","date_gmt":"2022-11-10T09:52:32","guid":{"rendered":"https:\/\/rafoldesalem.websaccesibles.eu\/biblioteca\/"},"modified":"2023-02-22T16:28:45","modified_gmt":"2023-02-22T15:28:45","slug":"biblioteca","status":"publish","type":"page","link":"https:\/\/rafoldesalem.es\/es\/biblioteca\/","title":{"rendered":"Biblioteca"},"content":{"rendered":"<!--themify_builder_content-->\n<div id=\"themify_builder_content-1607\" data-postid=\"1607\" class=\"themify_builder_content themify_builder_content-1607 themify_builder tf_clear\">\n                    <div  id=\"h1329\" data-lazy=\"1\" class=\"module_row themify_builder_row tb_xis8249 tb_first tf_w\">\n                        <div class=\"row_inner col_align_top tb_col_count_1 tf_box tf_rel\">\n                        <div  data-lazy=\"1\" class=\"module_column tb-column col-full tb_y3vs249 first\">\n                    <!-- module text -->\n<div  class=\"module module-text tb_ofvr250  repeat \" data-lazy=\"1\" id=\"2137\">\n        <div  class=\"tb_text_wrap\">\n        <h1><span style=\"font-weight: normal;\">Biblioteca<\/span><\/h1>    <\/div>\n<\/div>\n<!-- \/module text -->        <\/div>\n                        <\/div>\n        <\/div>\n                        <div  data-lazy=\"1\" class=\"module_row themify_builder_row tb_zed8821 tf_w\">\n                        <div class=\"row_inner col_align_top tb_col_count_1 tf_box tf_rel\">\n                        <div  data-lazy=\"1\" class=\"module_column tb-column col-full tb_tz6n822 first\">\n                            <div  data-lazy=\"1\" class=\"module_subrow themify_builder_sub_row tf_w col_align_top tb_col_count_2 tb_v1oe597\">\n                <div  data-lazy=\"1\" class=\"module_column sub_column tb_jquh598 first\">\n                    <!-- module text -->\n<div  class=\"module module-text tb_087b599   \" data-lazy=\"1\">\n        <div  class=\"tb_text_wrap\">\n        <h2 style=\"text-align: center;\">Direcci\u00f3n:<\/h2>    <\/div>\n<\/div>\n<!-- \/module text --><!-- module text -->\n<div  class=\"module module-text tb_1w3i599   \" data-lazy=\"1\">\n        <div  class=\"tb_text_wrap\">\n        <p style=\"text-align: center;\">Plaza Mayor, 7<br>46843 R\u00e1fol de Salem<\/p>    <\/div>\n<\/div>\n<!-- \/module text -->        <\/div>\n                    <div  data-lazy=\"1\" class=\"module_column sub_column tb_vqd8600 last\">\n                    <!-- module text -->\n<div  class=\"module module-text tb_4ejl600   \" data-lazy=\"1\" id=\"h1179\">\n        <div  class=\"tb_text_wrap\">\n        <h2 style=\"text-align: center;\">Horario:<\/h2>    <\/div>\n<\/div>\n<!-- \/module text --><!-- module text -->\n<div  class=\"module module-text tb_46ut600   \" data-lazy=\"1\">\n        <div  class=\"tb_text_wrap\">\n        <p style=\"text-align: center;\">Ma\u00f1ana de lunes a viernes<BR>de 11:30 a 14:30 horas<\/p>\n    <\/div>\n<\/div>\n<!-- \/module text -->        <\/div>\n                    <\/div>\n        <!-- module text -->\n<div  class=\"module module-text tb_c245636   \" data-lazy=\"1\" id=\"h1220\">\n        <div  class=\"tb_text_wrap\">\n        <h2>Cat\u00e1logo de libros<\/h2>    <\/div>\n<\/div>\n<!-- \/module text -->        <div  data-lazy=\"1\" class=\"module_subrow themify_builder_sub_row tf_w col_align_top tb_col_count_2 tb_6mhd836\">\n                <div  data-lazy=\"1\" class=\"module_column sub_column tb_4u9u836 first\">\n                    <!-- module icon -->\n<div  class=\"module module-icon tb_ekux837  normal none icon_horizontal \" data-lazy=\"1\">\n\t\t\t<div class=\"module-icon-item\">\n\t\t\t\t\t\t\t<a href=\"https:\/\/rafoldesalem.websaccesibles.eu\/wp-content\/uploads\/sites\/16\/2022\/11\/art-_arquitectura-_esports-_cine-_jocs-musica.pdf\">\n\t\t\t\t\t\t\t\t\t\t\t\t\t\t\t\t\t<img decoding=\"async\" src=\"https:\/\/rafoldesalem.websaccesibles.eu\/wp-content\/uploads\/sites\/16\/2022\/11\/carbon_document-pdf.svg\" class=\"tf_box\" title=\"ARTE ARQUITECTURA DEPORTES CINE JUEGOS M\u00daSICA\" alt=\"ARTE ARQUITECTURA DEPORTES CINE JUEGOS M\u00daSICA\">\t\t\t\t\t\t\t\t\t\t\t\t\t\t\t\t\t\t\t<span>ARTE ARQUITECTURA DEPORTES CINE JUEGOS M\u00daSICA<\/span>\n\t\t\t\t\t\t\t\t\t\t\t\t\t\t\t\t\t<\/a>\n\t\t\t\t\t<\/div>\n\t<\/div>\n<!-- \/module icon -->\n        <\/div>\n                    <div  data-lazy=\"1\" class=\"module_column sub_column tb_e4id837 last\">\n                    <!-- module icon -->\n<div  class=\"module module-icon tb_1fp1837  normal none icon_horizontal \" data-lazy=\"1\">\n\t\t\t<div class=\"module-icon-item\">\n\t\t\t\t\t\t\t<a href=\"https:\/\/rafoldesalem.websaccesibles.eu\/wp-content\/uploads\/sites\/16\/2022\/11\/ciencies_pures.pdf\">\n\t\t\t\t\t\t\t\t\t\t\t\t\t\t\t\t\t<img decoding=\"async\" src=\"https:\/\/rafoldesalem.websaccesibles.eu\/wp-content\/uploads\/sites\/16\/2022\/11\/carbon_document-pdf.svg\" class=\"tf_box\" title=\"CIENCIAS PURAS\" alt=\"CIENCIAS PURAS\">\t\t\t\t\t\t\t\t\t\t\t\t\t\t\t\t\t\t\t<span>CIENCIAS PURAS<\/span>\n\t\t\t\t\t\t\t\t\t\t\t\t\t\t\t\t\t<\/a>\n\t\t\t\t\t<\/div>\n\t<\/div>\n<!-- \/module icon -->\n        <\/div>\n                    <\/div>\n                <div  data-lazy=\"1\" class=\"module_subrow themify_builder_sub_row tf_w col_align_top tb_col_count_2 tb_qas3798\">\n                <div  data-lazy=\"1\" class=\"module_column sub_column tb_shr8798 first\">\n                    <!-- module icon -->\n<div  class=\"module module-icon tb_pckk191  normal none icon_horizontal \" data-lazy=\"1\">\n\t\t\t<div class=\"module-icon-item\">\n\t\t\t\t\t\t\t<a href=\"https:\/\/rafoldesalem.websaccesibles.eu\/wp-content\/uploads\/sites\/16\/2022\/11\/bibliografia.pdf\">\n\t\t\t\t\t\t\t\t\t\t\t\t\t\t\t\t\t<img decoding=\"async\" src=\"https:\/\/rafoldesalem.websaccesibles.eu\/wp-content\/uploads\/sites\/16\/2022\/11\/carbon_document-pdf.svg\" class=\"tf_box\" title=\"BIBLIOGRAFIAS\" alt=\"BIBLIOGRAFIAS\">\t\t\t\t\t\t\t\t\t\t\t\t\t\t\t\t\t\t\t<span>BIBLIOGRAFIAS<\/span>\n\t\t\t\t\t\t\t\t\t\t\t\t\t\t\t\t\t<\/a>\n\t\t\t\t\t<\/div>\n\t<\/div>\n<!-- \/module icon -->\n        <\/div>\n                    <div  data-lazy=\"1\" class=\"module_column sub_column tb_5p89335 last\">\n                    <!-- module icon -->\n<div  class=\"module module-icon tb_akjr335  normal none icon_horizontal \" data-lazy=\"1\">\n\t\t\t<div class=\"module-icon-item\">\n\t\t\t\t\t\t\t<a href=\"https:\/\/rafoldesalem.websaccesibles.eu\/wp-content\/uploads\/sites\/16\/2022\/11\/ciencies_socials.pdf\">\n\t\t\t\t\t\t\t\t\t\t\t\t\t\t\t\t\t<img decoding=\"async\" src=\"https:\/\/rafoldesalem.websaccesibles.eu\/wp-content\/uploads\/sites\/16\/2022\/11\/carbon_document-pdf.svg\" class=\"tf_box\" title=\"CIENCIAS SOCIALES\" alt=\"CIENCIAS SOCIALES\">\t\t\t\t\t\t\t\t\t\t\t\t\t\t\t\t\t\t\t<span>CIENCIAS SOCIALES<\/span>\n\t\t\t\t\t\t\t\t\t\t\t\t\t\t\t\t\t<\/a>\n\t\t\t\t\t<\/div>\n\t<\/div>\n<!-- \/module icon -->\n        <\/div>\n                    <\/div>\n                <div  data-lazy=\"1\" class=\"module_subrow themify_builder_sub_row tf_w col_align_top tb_col_count_2 tb_dbnm58\">\n                <div  data-lazy=\"1\" class=\"module_column sub_column tb_flxk58 first\">\n                    <!-- module icon -->\n<div  class=\"module module-icon tb_kyhu58  normal none icon_horizontal \" data-lazy=\"1\">\n\t\t\t<div class=\"module-icon-item\">\n\t\t\t\t\t\t\t<a href=\"https:\/\/rafoldesalem.websaccesibles.eu\/wp-content\/uploads\/sites\/16\/2022\/11\/cds.pdf\">\n\t\t\t\t\t\t\t\t\t\t\t\t\t\t\t\t\t<img decoding=\"async\" src=\"https:\/\/rafoldesalem.websaccesibles.eu\/wp-content\/uploads\/sites\/16\/2022\/11\/carbon_document-pdf.svg\" class=\"tf_box\" title=\"CD\u00b4S\" alt=\"CD\u00b4S\">\t\t\t\t\t\t\t\t\t\t\t\t\t\t\t\t\t\t\t<span>CD\u00b4S<\/span>\n\t\t\t\t\t\t\t\t\t\t\t\t\t\t\t\t\t<\/a>\n\t\t\t\t\t<\/div>\n\t<\/div>\n<!-- \/module icon -->\n        <\/div>\n                    <div  data-lazy=\"1\" class=\"module_column sub_column tb_22v258 last\">\n                    <!-- module icon -->\n<div  class=\"module module-icon tb_ddo258  normal none icon_horizontal \" data-lazy=\"1\">\n\t\t\t<div class=\"module-icon-item\">\n\t\t\t\t\t\t\t<a href=\"https:\/\/rafoldesalem.websaccesibles.eu\/wp-content\/uploads\/sites\/16\/2022\/11\/dvds.pdf\">\n\t\t\t\t\t\t\t\t\t\t\t\t\t\t\t\t\t<img decoding=\"async\" src=\"https:\/\/rafoldesalem.websaccesibles.eu\/wp-content\/uploads\/sites\/16\/2022\/11\/carbon_document-pdf.svg\" class=\"tf_box\" title=\"DVD\u00b4S\" alt=\"DVD\u00b4S\">\t\t\t\t\t\t\t\t\t\t\t\t\t\t\t\t\t\t\t<span>DVD\u00b4S<\/span>\n\t\t\t\t\t\t\t\t\t\t\t\t\t\t\t\t\t<\/a>\n\t\t\t\t\t<\/div>\n\t<\/div>\n<!-- \/module icon -->\n        <\/div>\n                    <\/div>\n                <div  data-lazy=\"1\" class=\"module_subrow themify_builder_sub_row tf_w col_align_top tb_col_count_2 tb_slje218\">\n                <div  data-lazy=\"1\" class=\"module_column sub_column tb_7i79218 first\">\n                    <!-- module icon -->\n<div  class=\"module module-icon tb_oop8219  normal none icon_horizontal \" data-lazy=\"1\">\n\t\t\t<div class=\"module-icon-item\">\n\t\t\t\t\t\t\t<a href=\"https:\/\/rafoldesalem.websaccesibles.eu\/wp-content\/uploads\/sites\/16\/2022\/11\/filosofia.pdf\">\n\t\t\t\t\t\t\t\t\t\t\t\t\t\t\t\t\t<img decoding=\"async\" src=\"https:\/\/rafoldesalem.websaccesibles.eu\/wp-content\/uploads\/sites\/16\/2022\/11\/carbon_document-pdf.svg\" class=\"tf_box\" title=\"FILOSOF\u00cdA\" alt=\"FILOSOF\u00cdA\">\t\t\t\t\t\t\t\t\t\t\t\t\t\t\t\t\t\t\t<span>FILOSOF\u00cdA<\/span>\n\t\t\t\t\t\t\t\t\t\t\t\t\t\t\t\t\t<\/a>\n\t\t\t\t\t<\/div>\n\t<\/div>\n<!-- \/module icon -->\n        <\/div>\n                    <div  data-lazy=\"1\" class=\"module_column sub_column tb_xgdp219 last\">\n                    <!-- module icon -->\n<div  class=\"module module-icon tb_d909219  normal none icon_horizontal \" data-lazy=\"1\">\n\t\t\t<div class=\"module-icon-item\">\n\t\t\t\t\t\t\t<a href=\"https:\/\/rafoldesalem.websaccesibles.eu\/wp-content\/uploads\/sites\/16\/2022\/11\/infantil_valencia.pdf\">\n\t\t\t\t\t\t\t\t\t\t\t\t\t\t\t\t\t<img decoding=\"async\" src=\"https:\/\/rafoldesalem.websaccesibles.eu\/wp-content\/uploads\/sites\/16\/2022\/11\/carbon_document-pdf.svg\" class=\"tf_box\" title=\"INFANTIL-VALENCIANO\" alt=\"INFANTIL-VALENCIANO\">\t\t\t\t\t\t\t\t\t\t\t\t\t\t\t\t\t\t\t<span>INFANTIL-VALENCIANO<\/span>\n\t\t\t\t\t\t\t\t\t\t\t\t\t\t\t\t\t<\/a>\n\t\t\t\t\t<\/div>\n\t<\/div>\n<!-- \/module icon -->\n        <\/div>\n                    <\/div>\n                <div  data-lazy=\"1\" class=\"module_subrow themify_builder_sub_row tf_w col_align_top tb_col_count_2 tb_cpes741\">\n                <div  data-lazy=\"1\" class=\"module_column sub_column tb_zhfb741 first\">\n                    <!-- module icon -->\n<div  class=\"module module-icon tb_mwzj741  normal none icon_horizontal \" data-lazy=\"1\">\n\t\t\t<div class=\"module-icon-item\">\n\t\t\t\t\t\t\t<a href=\"https:\/\/rafoldesalem.websaccesibles.eu\/wp-content\/uploads\/sites\/16\/2022\/11\/geo-historia.pdf\">\n\t\t\t\t\t\t\t\t\t\t\t\t\t\t\t\t\t<img decoding=\"async\" src=\"https:\/\/rafoldesalem.websaccesibles.eu\/wp-content\/uploads\/sites\/16\/2022\/11\/carbon_document-pdf.svg\" class=\"tf_box\" title=\"GEO-HISTORIA\" alt=\"GEO-HISTORIA\">\t\t\t\t\t\t\t\t\t\t\t\t\t\t\t\t\t\t\t<span>GEO-HISTORIA<\/span>\n\t\t\t\t\t\t\t\t\t\t\t\t\t\t\t\t\t<\/a>\n\t\t\t\t\t<\/div>\n\t<\/div>\n<!-- \/module icon -->\n        <\/div>\n                    <div  data-lazy=\"1\" class=\"module_column sub_column tb_5pvz741 last\">\n                    <!-- module icon -->\n<div  class=\"module module-icon tb_fle1741  normal none icon_horizontal \" data-lazy=\"1\">\n\t\t\t<div class=\"module-icon-item\">\n\t\t\t\t\t\t\t<a href=\"https:\/\/rafoldesalem.websaccesibles.eu\/wp-content\/uploads\/sites\/16\/2022\/11\/juvenil.pdf\">\n\t\t\t\t\t\t\t\t\t\t\t\t\t\t\t\t\t<img decoding=\"async\" src=\"https:\/\/rafoldesalem.websaccesibles.eu\/wp-content\/uploads\/sites\/16\/2022\/11\/carbon_document-pdf.svg\" class=\"tf_box\" title=\"JUVENIL\" alt=\"JUVENIL\">\t\t\t\t\t\t\t\t\t\t\t\t\t\t\t\t\t\t\t<span>JUVENIL<\/span>\n\t\t\t\t\t\t\t\t\t\t\t\t\t\t\t\t\t<\/a>\n\t\t\t\t\t<\/div>\n\t<\/div>\n<!-- \/module icon -->\n        <\/div>\n                    <\/div>\n                <div  data-lazy=\"1\" class=\"module_subrow themify_builder_sub_row tf_w col_align_top tb_col_count_2 tb_xlq8497\">\n                <div  data-lazy=\"1\" class=\"module_column sub_column tb_qqwd497 first\">\n                    <!-- module icon -->\n<div  class=\"module module-icon tb_3wj8498  normal none icon_horizontal \" data-lazy=\"1\">\n\t\t\t<div class=\"module-icon-item\">\n\t\t\t\t\t\t\t<a href=\"https:\/\/rafoldesalem.websaccesibles.eu\/wp-content\/uploads\/sites\/16\/2022\/11\/infantil_castella.pdf\">\n\t\t\t\t\t\t\t\t\t\t\t\t\t\t\t\t\t<img decoding=\"async\" src=\"https:\/\/rafoldesalem.websaccesibles.eu\/wp-content\/uploads\/sites\/16\/2022\/11\/carbon_document-pdf.svg\" class=\"tf_box\" title=\"INFANTIL-CASTELLANO\" alt=\"INFANTIL-CASTELLANO\">\t\t\t\t\t\t\t\t\t\t\t\t\t\t\t\t\t\t\t<span>INFANTIL-CASTELLANO<\/span>\n\t\t\t\t\t\t\t\t\t\t\t\t\t\t\t\t\t<\/a>\n\t\t\t\t\t<\/div>\n\t<\/div>\n<!-- \/module icon -->\n        <\/div>\n                    <div  data-lazy=\"1\" class=\"module_column sub_column tb_onmy498 last\">\n                    <!-- module icon -->\n<div  class=\"module module-icon tb_qcgd498  normal none icon_horizontal \" data-lazy=\"1\">\n\t\t\t<div class=\"module-icon-item\">\n\t\t\t\t\t\t\t<a href=\"https:\/\/rafoldesalem.websaccesibles.eu\/wp-content\/uploads\/sites\/16\/2022\/11\/llengua_y_literatura.pdf\">\n\t\t\t\t\t\t\t\t\t\t\t\t\t\t\t\t\t<img decoding=\"async\" src=\"https:\/\/rafoldesalem.websaccesibles.eu\/wp-content\/uploads\/sites\/16\/2022\/11\/carbon_document-pdf.svg\" class=\"tf_box\" title=\"LLENGUA I LITERATURA\" alt=\"LLENGUA I LITERATURA\">\t\t\t\t\t\t\t\t\t\t\t\t\t\t\t\t\t\t\t<span>LLENGUA I LITERATURA<\/span>\n\t\t\t\t\t\t\t\t\t\t\t\t\t\t\t\t\t<\/a>\n\t\t\t\t\t<\/div>\n\t<\/div>\n<!-- \/module icon -->\n        <\/div>\n                    <\/div>\n                <div  data-lazy=\"1\" class=\"module_subrow themify_builder_sub_row tf_w col_align_top tb_col_count_2 tb_huuz338\">\n                <div  data-lazy=\"1\" class=\"module_column sub_column tb_xkbn338 first\">\n                    <!-- module icon -->\n<div  class=\"module module-icon tb_4ebw339  normal none icon_horizontal \" data-lazy=\"1\">\n\t\t\t<div class=\"module-icon-item\">\n\t\t\t\t\t\t\t<a href=\"https:\/\/rafoldesalem.websaccesibles.eu\/wp-content\/uploads\/sites\/16\/2022\/11\/novella.pdf\">\n\t\t\t\t\t\t\t\t\t\t\t\t\t\t\t\t\t<img decoding=\"async\" src=\"https:\/\/rafoldesalem.websaccesibles.eu\/wp-content\/uploads\/sites\/16\/2022\/11\/carbon_document-pdf.svg\" class=\"tf_box\" title=\"NOVELA\" alt=\"NOVELA\">\t\t\t\t\t\t\t\t\t\t\t\t\t\t\t\t\t\t\t<span>NOVELA<\/span>\n\t\t\t\t\t\t\t\t\t\t\t\t\t\t\t\t\t<\/a>\n\t\t\t\t\t<\/div>\n\t<\/div>\n<!-- \/module icon -->\n        <\/div>\n                    <div  data-lazy=\"1\" class=\"module_column sub_column tb_8szy339 last\">\n                    <!-- module icon -->\n<div  class=\"module module-icon tb_xja2339  normal none icon_horizontal \" data-lazy=\"1\">\n\t\t\t<div class=\"module-icon-item\">\n\t\t\t\t\t\t\t<a href=\"https:\/\/rafoldesalem.websaccesibles.eu\/wp-content\/uploads\/sites\/16\/2022\/11\/teatre.pdf\">\n\t\t\t\t\t\t\t\t\t\t\t\t\t\t\t\t\t<img decoding=\"async\" src=\"https:\/\/rafoldesalem.websaccesibles.eu\/wp-content\/uploads\/sites\/16\/2022\/11\/carbon_document-pdf.svg\" class=\"tf_box\" title=\"TEATRO\" alt=\"TEATRO\">\t\t\t\t\t\t\t\t\t\t\t\t\t\t\t\t\t\t\t<span>TEATRO<\/span>\n\t\t\t\t\t\t\t\t\t\t\t\t\t\t\t\t\t<\/a>\n\t\t\t\t\t<\/div>\n\t<\/div>\n<!-- \/module icon -->\n        <\/div>\n                    <\/div>\n                <div  data-lazy=\"1\" class=\"module_subrow themify_builder_sub_row tf_w col_align_top tb_col_count_2 tb_g0tm100\">\n                <div  data-lazy=\"1\" class=\"module_column sub_column tb_k9xh100 first\">\n                    <!-- module icon -->\n<div  class=\"module module-icon tb_9735100  normal none icon_horizontal \" data-lazy=\"1\">\n\t\t\t<div class=\"module-icon-item\">\n\t\t\t\t\t\t\t<a href=\"https:\/\/rafoldesalem.websaccesibles.eu\/wp-content\/uploads\/sites\/16\/2022\/11\/obres_generals.pdf\">\n\t\t\t\t\t\t\t\t\t\t\t\t\t\t\t\t\t<img decoding=\"async\" src=\"https:\/\/rafoldesalem.websaccesibles.eu\/wp-content\/uploads\/sites\/16\/2022\/11\/carbon_document-pdf.svg\" class=\"tf_box\" title=\"OBRAS GENERALES\" alt=\"OBRAS GENERALES\">\t\t\t\t\t\t\t\t\t\t\t\t\t\t\t\t\t\t\t<span>OBRAS GENERALES<\/span>\n\t\t\t\t\t\t\t\t\t\t\t\t\t\t\t\t\t<\/a>\n\t\t\t\t\t<\/div>\n\t<\/div>\n<!-- \/module icon -->\n        <\/div>\n                    <div  data-lazy=\"1\" class=\"module_column sub_column tb_dsmz100 last\">\n                    <!-- module icon -->\n<div  class=\"module module-icon tb_hwgx101  normal none icon_horizontal \" data-lazy=\"1\">\n\t\t\t<div class=\"module-icon-item\">\n\t\t\t\t\t\t\t<a href=\"https:\/\/rafoldesalem.websaccesibles.eu\/wp-content\/uploads\/sites\/16\/2022\/11\/religio.pdf\">\n\t\t\t\t\t\t\t\t\t\t\t\t\t\t\t\t\t<img decoding=\"async\" src=\"https:\/\/rafoldesalem.websaccesibles.eu\/wp-content\/uploads\/sites\/16\/2022\/11\/carbon_document-pdf.svg\" class=\"tf_box\" title=\"RELIGI\u00d3N\" alt=\"RELIGI\u00d3N\">\t\t\t\t\t\t\t\t\t\t\t\t\t\t\t\t\t\t\t<span>RELIGI\u00d3N<\/span>\n\t\t\t\t\t\t\t\t\t\t\t\t\t\t\t\t\t<\/a>\n\t\t\t\t\t<\/div>\n\t<\/div>\n<!-- \/module icon -->\n        <\/div>\n                    <\/div>\n                <div  data-lazy=\"1\" class=\"module_subrow themify_builder_sub_row tf_w col_align_top tb_col_count_2 tb_54vz77\">\n                <div  data-lazy=\"1\" class=\"module_column sub_column tb_xyc377 first\">\n                    <!-- module icon -->\n<div  class=\"module module-icon tb_c0o377  normal none icon_horizontal \" data-lazy=\"1\">\n\t\t\t<div class=\"module-icon-item\">\n\t\t\t\t\t\t\t<a href=\"https:\/\/rafoldesalem.websaccesibles.eu\/wp-content\/uploads\/sites\/16\/2022\/11\/poesia.pdf\">\n\t\t\t\t\t\t\t\t\t\t\t\t\t\t\t\t\t<img decoding=\"async\" src=\"https:\/\/rafoldesalem.websaccesibles.eu\/wp-content\/uploads\/sites\/16\/2022\/11\/carbon_document-pdf.svg\" class=\"tf_box\" title=\"POES\u00cdA\" alt=\"POES\u00cdA\">\t\t\t\t\t\t\t\t\t\t\t\t\t\t\t\t\t\t\t<span>POES\u00cdA<\/span>\n\t\t\t\t\t\t\t\t\t\t\t\t\t\t\t\t\t<\/a>\n\t\t\t\t\t<\/div>\n\t<\/div>\n<!-- \/module icon -->\n        <\/div>\n                    <div  data-lazy=\"1\" class=\"module_column sub_column tb_pv3077 last\">\n                    <!-- module icon -->\n<div  class=\"module module-icon tb_m8p878  normal none icon_horizontal \" data-lazy=\"1\">\n\t\t\t<div class=\"module-icon-item\">\n\t\t\t\t\t\t\t<a href=\"https:\/\/rafoldesalem.websaccesibles.eu\/wp-content\/uploads\/sites\/16\/2022\/11\/llengua_y_literatura.pdf\">\n\t\t\t\t\t\t\t\t\t\t\t\t\t\t\t\t\t<img decoding=\"async\" src=\"https:\/\/rafoldesalem.websaccesibles.eu\/wp-content\/uploads\/sites\/16\/2022\/11\/carbon_document-pdf.svg\" class=\"tf_box\" title=\"LENGUA Y LITERATURA\" alt=\"LENGUA Y LITERATURA\">\t\t\t\t\t\t\t\t\t\t\t\t\t\t\t\t\t\t\t<span>LENGUA Y LITERATURA<\/span>\n\t\t\t\t\t\t\t\t\t\t\t\t\t\t\t\t\t<\/a>\n\t\t\t\t\t<\/div>\n\t<\/div>\n<!-- \/module icon -->\n        <\/div>\n                    <\/div>\n                <\/div>\n                        <\/div>\n        <\/div>\n        <\/div>\n<!--\/themify_builder_content-->","protected":false},"excerpt":{"rendered":"<p>Biblioteca Direcci\u00f3n: Plaza Mayor, 746843 R\u00e1fol de Salem Horario: Ma\u00f1ana de lunes a viernesde 11:30 a 14:30 horas Cat\u00e1logo de libros ARTE ARQUITECTURA DEPORTES CINE JUEGOS M\u00daSICA CIENCIAS PURAS BIBLIOGRAFIAS CIENCIAS SOCIALES CD\u00b4S DVD\u00b4S FILOSOF\u00cdA INFANTIL-VALENCIANO GEO-HISTORIA JUVENIL INFANTIL-CASTELLANO LLENGUA I LITERATURA NOVELA TEATRO OBRAS GENERALES RELIGI\u00d3N POES\u00cdA LENGUA Y LITERATURA<\/p>\n","protected":false},"author":1,"featured_media":0,"parent":0,"menu_order":0,"comment_status":"closed","ping_status":"closed","template":"","meta":{"footnotes":""},"class_list":["post-1607","page","type-page","status-publish","hentry","has-post-title","has-post-date","has-post-category","has-post-tag","has-post-comment","has-post-author",""],"builder_content":"<h1>Biblioteca<\/h1>\n<h2 style=\"text-align: center;\">Direcci\u00f3n:<\/h2>\n<p style=\"text-align: center;\">Plaza Mayor, 7<br>46843 R\u00e1fol de Salem<\/p>\n<h2 style=\"text-align: center;\">Horario:<\/h2>\n<p style=\"text-align: center;\">Ma\u00f1ana de lunes a viernes<BR>de 11:30 a 14:30 horas<\/p>\n<h2>Cat\u00e1logo de libros<\/h2>\n<a href=\"https:\/\/rafoldesalem.websaccesibles.eu\/wp-content\/uploads\/sites\/16\/2022\/11\/art-_arquitectura-_esports-_cine-_jocs-musica.pdf\"> <img src=\"https:\/\/rafoldesalem.websaccesibles.eu\/wp-content\/uploads\/sites\/16\/2022\/11\/carbon_document-pdf.svg\" title=\"ARTE ARQUITECTURA DEPORTES CINE JUEGOS M\u00daSICA\" alt=\"ARTE ARQUITECTURA DEPORTES CINE JUEGOS M\u00daSICA\"> ARTE ARQUITECTURA DEPORTES CINE JUEGOS M\u00daSICA <\/a>\n<a href=\"https:\/\/rafoldesalem.websaccesibles.eu\/wp-content\/uploads\/sites\/16\/2022\/11\/ciencies_pures.pdf\"> <img src=\"https:\/\/rafoldesalem.websaccesibles.eu\/wp-content\/uploads\/sites\/16\/2022\/11\/carbon_document-pdf.svg\" title=\"CIENCIAS PURAS\" alt=\"CIENCIAS PURAS\"> CIENCIAS PURAS <\/a>\n<a href=\"https:\/\/rafoldesalem.websaccesibles.eu\/wp-content\/uploads\/sites\/16\/2022\/11\/bibliografia.pdf\"> <img src=\"https:\/\/rafoldesalem.websaccesibles.eu\/wp-content\/uploads\/sites\/16\/2022\/11\/carbon_document-pdf.svg\" title=\"BIBLIOGRAFIAS\" alt=\"BIBLIOGRAFIAS\"> BIBLIOGRAFIAS <\/a>\n<a href=\"https:\/\/rafoldesalem.websaccesibles.eu\/wp-content\/uploads\/sites\/16\/2022\/11\/ciencies_socials.pdf\"> <img src=\"https:\/\/rafoldesalem.websaccesibles.eu\/wp-content\/uploads\/sites\/16\/2022\/11\/carbon_document-pdf.svg\" title=\"CIENCIAS SOCIALES\" alt=\"CIENCIAS SOCIALES\"> CIENCIAS SOCIALES <\/a>\n<a href=\"https:\/\/rafoldesalem.websaccesibles.eu\/wp-content\/uploads\/sites\/16\/2022\/11\/cds.pdf\"> <img src=\"https:\/\/rafoldesalem.websaccesibles.eu\/wp-content\/uploads\/sites\/16\/2022\/11\/carbon_document-pdf.svg\" title=\"CD\u00b4S\" alt=\"CD\u00b4S\"> CD\u00b4S <\/a>\n<a href=\"https:\/\/rafoldesalem.websaccesibles.eu\/wp-content\/uploads\/sites\/16\/2022\/11\/dvds.pdf\"> <img src=\"https:\/\/rafoldesalem.websaccesibles.eu\/wp-content\/uploads\/sites\/16\/2022\/11\/carbon_document-pdf.svg\" title=\"DVD\u00b4S\" alt=\"DVD\u00b4S\"> DVD\u00b4S <\/a>\n<a href=\"https:\/\/rafoldesalem.websaccesibles.eu\/wp-content\/uploads\/sites\/16\/2022\/11\/filosofia.pdf\"> <img src=\"https:\/\/rafoldesalem.websaccesibles.eu\/wp-content\/uploads\/sites\/16\/2022\/11\/carbon_document-pdf.svg\" title=\"FILOSOF\u00cdA\" alt=\"FILOSOF\u00cdA\"> FILOSOF\u00cdA <\/a>\n<a href=\"https:\/\/rafoldesalem.websaccesibles.eu\/wp-content\/uploads\/sites\/16\/2022\/11\/infantil_valencia.pdf\"> <img src=\"https:\/\/rafoldesalem.websaccesibles.eu\/wp-content\/uploads\/sites\/16\/2022\/11\/carbon_document-pdf.svg\" title=\"INFANTIL-VALENCIANO\" alt=\"INFANTIL-VALENCIANO\"> INFANTIL-VALENCIANO <\/a>\n<a href=\"https:\/\/rafoldesalem.websaccesibles.eu\/wp-content\/uploads\/sites\/16\/2022\/11\/geo-historia.pdf\"> <img src=\"https:\/\/rafoldesalem.websaccesibles.eu\/wp-content\/uploads\/sites\/16\/2022\/11\/carbon_document-pdf.svg\" title=\"GEO-HISTORIA\" alt=\"GEO-HISTORIA\"> GEO-HISTORIA <\/a>\n<a href=\"https:\/\/rafoldesalem.websaccesibles.eu\/wp-content\/uploads\/sites\/16\/2022\/11\/juvenil.pdf\"> <img src=\"https:\/\/rafoldesalem.websaccesibles.eu\/wp-content\/uploads\/sites\/16\/2022\/11\/carbon_document-pdf.svg\" title=\"JUVENIL\" alt=\"JUVENIL\"> JUVENIL <\/a>\n<a href=\"https:\/\/rafoldesalem.websaccesibles.eu\/wp-content\/uploads\/sites\/16\/2022\/11\/infantil_castella.pdf\"> <img src=\"https:\/\/rafoldesalem.websaccesibles.eu\/wp-content\/uploads\/sites\/16\/2022\/11\/carbon_document-pdf.svg\" title=\"INFANTIL-CASTELLANO\" alt=\"INFANTIL-CASTELLANO\"> INFANTIL-CASTELLANO <\/a>\n<a href=\"https:\/\/rafoldesalem.websaccesibles.eu\/wp-content\/uploads\/sites\/16\/2022\/11\/llengua_y_literatura.pdf\"> <img src=\"https:\/\/rafoldesalem.websaccesibles.eu\/wp-content\/uploads\/sites\/16\/2022\/11\/carbon_document-pdf.svg\" title=\"LLENGUA I LITERATURA\" alt=\"LLENGUA I LITERATURA\"> LLENGUA I LITERATURA <\/a>\n<a href=\"https:\/\/rafoldesalem.websaccesibles.eu\/wp-content\/uploads\/sites\/16\/2022\/11\/novella.pdf\"> <img src=\"https:\/\/rafoldesalem.websaccesibles.eu\/wp-content\/uploads\/sites\/16\/2022\/11\/carbon_document-pdf.svg\" title=\"NOVELA\" alt=\"NOVELA\"> NOVELA <\/a>\n<a href=\"https:\/\/rafoldesalem.websaccesibles.eu\/wp-content\/uploads\/sites\/16\/2022\/11\/teatre.pdf\"> <img src=\"https:\/\/rafoldesalem.websaccesibles.eu\/wp-content\/uploads\/sites\/16\/2022\/11\/carbon_document-pdf.svg\" title=\"TEATRO\" alt=\"TEATRO\"> TEATRO <\/a>\n<a href=\"https:\/\/rafoldesalem.websaccesibles.eu\/wp-content\/uploads\/sites\/16\/2022\/11\/obres_generals.pdf\"> <img src=\"https:\/\/rafoldesalem.websaccesibles.eu\/wp-content\/uploads\/sites\/16\/2022\/11\/carbon_document-pdf.svg\" title=\"OBRAS GENERALES\" alt=\"OBRAS GENERALES\"> OBRAS GENERALES <\/a>\n<a href=\"https:\/\/rafoldesalem.websaccesibles.eu\/wp-content\/uploads\/sites\/16\/2022\/11\/religio.pdf\"> <img src=\"https:\/\/rafoldesalem.websaccesibles.eu\/wp-content\/uploads\/sites\/16\/2022\/11\/carbon_document-pdf.svg\" title=\"RELIGI\u00d3N\" alt=\"RELIGI\u00d3N\"> RELIGI\u00d3N <\/a>\n<a href=\"https:\/\/rafoldesalem.websaccesibles.eu\/wp-content\/uploads\/sites\/16\/2022\/11\/poesia.pdf\"> <img src=\"https:\/\/rafoldesalem.websaccesibles.eu\/wp-content\/uploads\/sites\/16\/2022\/11\/carbon_document-pdf.svg\" title=\"POES\u00cdA\" alt=\"POES\u00cdA\"> POES\u00cdA <\/a>\n<a href=\"https:\/\/rafoldesalem.websaccesibles.eu\/wp-content\/uploads\/sites\/16\/2022\/11\/llengua_y_literatura.pdf\"> <img src=\"https:\/\/rafoldesalem.websaccesibles.eu\/wp-content\/uploads\/sites\/16\/2022\/11\/carbon_document-pdf.svg\" title=\"LENGUA Y LITERATURA\" alt=\"LENGUA Y LITERATURA\"> LENGUA Y LITERATURA <\/a>","_links":{"self":[{"href":"https:\/\/rafoldesalem.es\/es\/wp-json\/wp\/v2\/pages\/1607","targetHints":{"allow":["GET"]}}],"collection":[{"href":"https:\/\/rafoldesalem.es\/es\/wp-json\/wp\/v2\/pages"}],"about":[{"href":"https:\/\/rafoldesalem.es\/es\/wp-json\/wp\/v2\/types\/page"}],"author":[{"embeddable":true,"href":"https:\/\/rafoldesalem.es\/es\/wp-json\/wp\/v2\/users\/1"}],"replies":[{"embeddable":true,"href":"https:\/\/rafoldesalem.es\/es\/wp-json\/wp\/v2\/comments?post=1607"}],"version-history":[{"count":18,"href":"https:\/\/rafoldesalem.es\/es\/wp-json\/wp\/v2\/pages\/1607\/revisions"}],"predecessor-version":[{"id":3384,"href":"https:\/\/rafoldesalem.es\/es\/wp-json\/wp\/v2\/pages\/1607\/revisions\/3384"}],"wp:attachment":[{"href":"https:\/\/rafoldesalem.es\/es\/wp-json\/wp\/v2\/media?parent=1607"}],"curies":[{"name":"wp","href":"https:\/\/api.w.org\/{rel}","templated":true}]}}