{"id":1831,"date":"2022-11-14T12:44:41","date_gmt":"2022-11-14T11:44:41","guid":{"rendered":"https:\/\/rafoldesalem.websaccesibles.eu\/aviso-legal\/"},"modified":"2022-11-15T11:18:57","modified_gmt":"2022-11-15T10:18:57","slug":"aviso-legal","status":"publish","type":"page","link":"https:\/\/rafoldesalem.es\/es\/aviso-legal\/","title":{"rendered":"Aviso Legal"},"content":{"rendered":"\n<h2 class=\"wp-block-heading\">Titularidad del sitio web<\/h2>\n\n<p><strong>rafoldesalem.es<\/strong>, es un dominio en internet de titularidad:<\/p>\n\n<p>Ayuntamiento de R\u00e0fol de Salem<br\/>Pla\u00e7a Ajuntament, 7 &#8211; CP: 46843<br\/>Tel\u00e9fono: <a href=\"tel:962813072\">96 281 30 72<\/a><br\/>email: <a href=\"mailto:ajuntament@rafoldesalem.org\" target=\"_blank\" rel=\"noreferrer noopener\">ajuntament@rafoldesalem.org<\/a><\/p>\n\n<p>El Ayuntamiento, mediante este sitio web, pone a disposici\u00f3n de los diferentes usuarios el acceso y utilizaci\u00f3n de servicios e informaci\u00f3n referidos tanto a su \u00e1mbito de actuaci\u00f3n como, en su caso, proporcionados por terceros.<\/p>\n\n<p>Este sitio web y todos sus contenidos, incluyendo los textos, im\u00e1genes, c\u00f3digos y cualquier otro material, son propiedad del Ayuntamiento o de terceros que han autorizado su uso.<\/p>\n\n<p>La informaci\u00f3n y elementos divulgados a trav\u00e9s de estas p\u00e1ginas est\u00e1n protegidos por las leyes espa\u00f1olas e internacionales sobre Propiedad Industrial e Intelectual. De tal forma que se proh\u00edbe su reproducci\u00f3n, distribuci\u00f3n y comunicaci\u00f3n p\u00fablica sin la autorizaci\u00f3n expresa del Ayuntamiento.<\/p>\n\n<h3 class=\"wp-block-heading\">T\u00e9rminos y condiciones de uso<\/h3>\n\n<p>Se considera usuario del presente sitio web a cualquiera que acceda y utilice el mismo. La condici\u00f3n de usuario comporta la total aceptaci\u00f3n de las condiciones establecidas en el presente Aviso Legal y en las especiales que puedan establecerse para determinados servicios y utilidades. Los usuarios adquieren el compromiso de ajustar su actuaci\u00f3n a las citadas condiciones y observar lo dispuesto por la normativa legal, as\u00ed como a las instrucciones y avisos que se ponen en su conocimiento.<\/p>\n\n<p>Cuando sea necesaria la utilizaci\u00f3n de una contrase\u00f1a o nombre de usuario para acceder a alg\u00fan contenido o servicio de este sitio web, el usuario queda obligado a mantenerla en secreto y hacer de ella un uso diligente. En caso de p\u00e9rdida o utilizaci\u00f3n negligente de la contrase\u00f1a el usuario responder\u00e1 de la utilizaci\u00f3n que de ella hayan podido realizar terceras personas.<\/p>\n\n<p>Se proh\u00edbe la reproducci\u00f3n total o parcial de los contenidos de esta Web sin citar su origen o solicitar autorizaci\u00f3n.<\/p>\n\n<p>El Ayuntamiento no es responsable del mal uso que los usuarios realizan de los contenidos de su sitio web y se reserva el derecho de actualizar, modificar, conservar, eliminar, o impedir el acceso a cualquier contenido que aparezca en el mismo o cerrarlo sin previo aviso.<\/p>\n\n<p>El Ayuntamiento no es responsable de los contenidos situados fuera de su web, en los sitios web de terceros, a los que se pueda acceder mediante oa trav\u00e9s de enlaces situados en el sitio web del ayuntamiento. En el caso de foros abiertos o espacios de opini\u00f3n en sus p\u00e1ginas web, el Ayuntamiento no se obliga a controlar las opiniones o informaciones vertidas por los usuarios, pero se reserva el derecho a eliminar aquellas que puedan resultar contrarias a la legalidad vigente, especialmente cuando impliquen una vulneraci\u00f3n de los derechos y libertades fundamentales, los buenos usos y los presentes t\u00e9rminos y condiciones. el Ayuntamiento no ser\u00e1 responsable de posibles da\u00f1os o perjuicios que pudieran derivarse de interferencias, omisiones, interrupciones, aver\u00edas o desconexiones en el funcionamiento operativo de este sistema electr\u00f3nico, motivadas por causas ajenas al Ayuntamiento, o como consecuencia de ajustes o problemas t\u00e9cnicos propios; as\u00ed como de da\u00f1os que puedan ser causados por virus inform\u00e1ticos y por terceras personas mediante intromisiones ileg\u00edtimas fuera del control del ayuntamiento.<\/p>\n\n<p>La informaci\u00f3n administrativa publicada en este sitio web tiene car\u00e1cter meramente orientativo; por tanto, ni sustituye la publicidad de los documentos que deban publicarse en Diarios y Boletines Oficiales, cuya edici\u00f3n es el \u00fanico instrumento que da fe de la autenticidad y del contenido de los mismos, ni de la misma puede derivar -se efecto jur\u00eddico vinculante alguno, debiendo el usuario contrastar la citada informaci\u00f3n con la existente en los Diarios y Boletines Oficiales, en su caso, o con la obrante en las dependencias pertinentes de la Administraci\u00f3n. En concreto, esta informaci\u00f3n no podr\u00e1 ser vinculante a la resoluci\u00f3n de procedimientos administrativos ni alegarse en procesos contradictorios con la Administraci\u00f3n P\u00fablica. En consecuencia, el Ayuntamiento no se hace responsable de los posibles da\u00f1os y perjuicios que pudiera ocasionar el uso de esta informaci\u00f3n. En consecuencia, el Ayuntamiento no se hace responsable de los posibles da\u00f1os y perjuicios que pudiera ocasionar el uso de esta informaci\u00f3n.<\/p>\n<!--themify_builder_content-->\n<div id=\"themify_builder_content-1831\" data-postid=\"1831\" class=\"themify_builder_content themify_builder_content-1831 themify_builder tf_clear\">\n    <\/div>\n<!--\/themify_builder_content-->\n","protected":false},"excerpt":{"rendered":"<p>Titularidad del sitio web rafoldesalem.es, es un dominio en internet de titularidad: Ayuntamiento de R\u00e0fol de SalemPla\u00e7a Ajuntament, 7 &#8211; CP: 46843Tel\u00e9fono: 96 281 30 72email: ajuntament@rafoldesalem.org El Ayuntamiento, mediante este sitio web, pone a disposici\u00f3n de los diferentes usuarios el acceso y utilizaci\u00f3n de servicios e informaci\u00f3n referidos tanto a su \u00e1mbito de actuaci\u00f3n [&hellip;]<\/p>\n","protected":false},"author":1,"featured_media":0,"parent":0,"menu_order":0,"comment_status":"closed","ping_status":"closed","template":"","meta":{"footnotes":""},"class_list":["post-1831","page","type-page","status-publish","hentry","has-post-title","has-post-date","has-post-category","has-post-tag","has-post-comment","has-post-author",""],"builder_content":"","_links":{"self":[{"href":"https:\/\/rafoldesalem.es\/es\/wp-json\/wp\/v2\/pages\/1831","targetHints":{"allow":["GET"]}}],"collection":[{"href":"https:\/\/rafoldesalem.es\/es\/wp-json\/wp\/v2\/pages"}],"about":[{"href":"https:\/\/rafoldesalem.es\/es\/wp-json\/wp\/v2\/types\/page"}],"author":[{"embeddable":true,"href":"https:\/\/rafoldesalem.es\/es\/wp-json\/wp\/v2\/users\/1"}],"replies":[{"embeddable":true,"href":"https:\/\/rafoldesalem.es\/es\/wp-json\/wp\/v2\/comments?post=1831"}],"version-history":[{"count":3,"href":"https:\/\/rafoldesalem.es\/es\/wp-json\/wp\/v2\/pages\/1831\/revisions"}],"predecessor-version":[{"id":1999,"href":"https:\/\/rafoldesalem.es\/es\/wp-json\/wp\/v2\/pages\/1831\/revisions\/1999"}],"wp:attachment":[{"href":"https:\/\/rafoldesalem.es\/es\/wp-json\/wp\/v2\/media?parent=1831"}],"curies":[{"name":"wp","href":"https:\/\/api.w.org\/{rel}","templated":true}]}}