{"id":2115,"date":"2022-11-16T06:56:41","date_gmt":"2022-11-16T05:56:41","guid":{"rendered":"https:\/\/rafoldesalem.websaccesibles.eu\/accesibilidad\/"},"modified":"2022-11-16T14:08:08","modified_gmt":"2022-11-16T13:08:08","slug":"accesibilidad","status":"publish","type":"page","link":"https:\/\/rafoldesalem.es\/es\/accesibilidad\/","title":{"rendered":"Accesibilidad"},"content":{"rendered":"<h3 class=\"wp-block-heading\">FUNCIONES DEL PANEL DE ACCESIBILIDAD UNIVERSAL EN LA WEB DEL AYUNTAMIENTO DE R\u00c1FOL DE SALEM<\/h3>\n\n<p>El Panel de Accesibilidad Universal (PAU) es una herramienta de accesibilidad web creada despu\u00e9s de 7 a\u00f1os de investigaci\u00f3n, desarrollo y evaluaci\u00f3n de las principales asociaciones del sector de la inclusi\u00f3n y diversidad (discapacidad) de Espa\u00f1a. Fue pensada y desarrollada inicialmente por nuestros trabajadores\/ras con discapacidades reconocidas de todo tipo. <\/p>\n\n<p>PAU es una herramienta que cubre muchos aspectos de la accesibilidad a la comunicaci\u00f3n mediante el uso de la comunicaci\u00f3n alternativa. PAU dota a la web de accesibilidad selectiva y personalizable para cada usuario, recordando sus preferencias para pr\u00f3ximas visitas y pueden volver a la configuraci\u00f3n por defecto mediante un bot\u00f3n de \u00abReinicializaci\u00f3n\u00bb. (La configuraci\u00f3n inicial tambi\u00e9n es personalizable por el webmaster.)  <\/p>\n\n<p>PAU tambi\u00e9n ofrece configuraciones predefinidas y de uso com\u00fan para las diferentes diversidades, evitando as\u00ed que los usuarios deban configurarse todas las herramientas que probablemente necesitan de forma individual. \u00c9stas se agrupan en perfiles de configuraci\u00f3n:<\/p>\n\n<ul class=\"wp-block-list\">\n<li>Perfil por defecto.<\/li>\n\n\n\n<li>Perfil para la Diversidad Visual.<\/li>\n\n\n\n<li>Perfil para la Diversidad Auditiva.<\/li>\n\n\n\n<li>Perfil para la Diversidad Cognitiva.<\/li>\n\n\n\n<li>Perfil personalizado.<\/li>\n<\/ul>\n\n<p>Los nuevos contenidos de comunicaci\u00f3n alternativa generados en funci\u00f3n de la web se agrupan en torno a los llamados \u00abHotSpots\u00bb, ofreciendo de forma autom\u00e1tica los siguientes recursos:<\/p>\n\n<ul class=\"wp-block-list\">\n<li>Pictogramas para personas con diversidad cognitiva.<\/li>\n\n\n\n<li>Locuciones para personas con diversidad visual<\/li>\n\n\n\n<li>Lengua de signos para personas con diversidad auditiva.<\/li>\n<\/ul>\n\n<p>Las herramientas de accesibilidad universal son distintas:<\/p>\n\n<h3 class=\"wp-block-heading\">Ajustes generales:<\/h3>\n\n<p>Mostrar u esconder todas las ayudas.<\/p>\n\n<p>Activar o desactivar el sonido general de todas las herramientas o ayudas.<\/p>\n\n<p>Mostrar u ocultar los v\u00eddeos con (lengua de signos (LS)).<\/p>\n\n<p>Activar o desactivar la locuci\u00f3n o la lectura del contenido.<\/p>\n\n<h3 class=\"wp-block-heading\">Ajustes en la navegaci\u00f3n:<\/h3>\n\n<p>Utilizar o no puntero del rat\u00f3n grande.<\/p>\n\n<p>Sonido y ayuda visual al hacer clic.<\/p>\n\n<p>Mostrar d\u00f3nde est\u00e1s mediante \u00abmuelles de pan\u00bb enlazables para facilitar la ubicaci\u00f3n y navegaci\u00f3n del usuario.<\/p>\n\n<p>Zoom y alto contraste cuando pasa el puntero por encima de los enlaces para facilitar su lectura y asegurarse antes de pulsar sobre el enlace.<\/p>\n\n<h3 class=\"wp-block-heading\">Ajustes con fuentes:<\/h3>\n\n<p>Elecci\u00f3n del tama\u00f1o de fuente.<\/p>\n\n<p>Utilizaci\u00f3n de una fuente \u00ablegible\u00bb.<\/p>\n\n<p>Fuente dise\u00f1ada para personas con dislexia.<\/p>\n\n<p>Enlaces relatados, o subrayar enlaces.<\/p>\n\n<h3 class=\"wp-block-heading\">Ajustes visuales:<\/h3>\n\n<p>Filtro \u00abBlanco y negro\u00bb para facilitar la visualizaci\u00f3n y la lectura reduciendo el cansancio visual.<\/p>\n\n<p>Filtro \u00abInvertir colores\u00bb para mejorar el contraste para personas con diversidad visual m\u00e1s aguda.<\/p>\n\n<p>\u00abDestacar el foco\u00bb para visualizar en verde la posici\u00f3n del cursor y el foco para navegaciones con teclado.<\/p>\n\n<p>PAU guarda las preferencias de accesibilidad de cada usuario para futuras visitas, sin necesidad de registrarse mediante el proceso de confirmaci\u00f3n de las cookies.<\/p>\n\n<p>PAU recibir\u00e1 autom\u00e1ticamente actualizaciones peri\u00f3dicas con mejoras y nuevas funciones o nuevas herramientas para la accesibilidad universal. Se comunicar\u00e1n a nuestros clientes mediante nuestros NewsLetter de PAU, permitiendo decidir previamente si utilizarlas en su web o no. <\/p>\n\n<p>Para cualquier consulta, comentario, sugerencia o propuesta relacionada con la accesibilidad de la web, puede ponerse en contacto v\u00eda correo electr\u00f3nico a <a rel=\"noreferrer noopener\" href=\"mailto:accesibilidad@webinclusiva.com\" target=\"_blank\">accesibilidad@webinclusiva.com<\/a><\/p>\n\n<div class=\"wp-block-columns is-layout-flex wp-container-core-columns-is-layout-28f84493 wp-block-columns-is-layout-flex\">\n<div class=\"wp-block-column has-white-background-color has-background is-layout-flow wp-block-column-is-layout-flow\">\n<h2 class=\"has-white-background-color has-background wp-block-heading\">Perfiles<\/h2>\n\n\n\n<ol class=\"wp-block-list\">\n<li>POR DEFECTO<br\/>Las opciones por defecto de PAU<\/li>\n\n\n\n<li>DIVERSIDAD VISUAL<br\/>Activar o desactivar las opciones predeterminadas para personas con Diversidad Visual.<\/li>\n\n\n\n<li>DIVERSIDAD AUDITIVA<br\/>Activar o desactivar las opciones por defecto para personas con Diversidad Auditiva.<\/li>\n\n\n\n<li>DIVERSIDAD COGNITIVA<br\/>Activar o desactivar las opciones predeterminadas para personas con Diversidad Cognitiva.<\/li>\n<\/ol>\n<\/div>\n\n\n\n<div class=\"wp-block-column is-layout-flow wp-block-column-is-layout-flow\">\n<figure class=\"wp-block-image aligncenter size-full\"><img loading=\"lazy\" decoding=\"async\" width=\"400\" height=\"700\" src=\"https:\/\/rafoldesalem.es\/wp-content\/uploads\/2022\/11\/accesibilidad-pau-perfiles.jpg\" alt=\"\" class=\"wp-image-2064\" srcset=\"https:\/\/rafoldesalem.es\/wp-content\/uploads\/2022\/11\/accesibilidad-pau-perfiles.jpg 400w, https:\/\/rafoldesalem.es\/wp-content\/uploads\/2022\/11\/accesibilidad-pau-perfiles-171x300.jpg 171w\" sizes=\"auto, (max-width: 400px) 100vw, 400px\" \/><\/figure>\n<\/div>\n<\/div>\n\n<div class=\"wp-block-columns is-layout-flex wp-container-core-columns-is-layout-28f84493 wp-block-columns-is-layout-flex\">\n<div class=\"wp-block-column has-white-background-color has-background is-layout-flow wp-block-column-is-layout-flow\">\n<h2 class=\"has-white-background-color has-background wp-block-heading\">General<\/h2>\n\n\n\n<ol class=\"wp-block-list\">\n<li>MOSTRAR\/OCULTAR TODO<br\/>Mostrar u ocultar todas las opciones de PAU.<\/li>\n\n\n\n<li>ACTIVAR SONIDO GENERAL<br\/>Activar o desactivar todo el sonido de la web.<\/li>\n\n\n\n<li>TODOS LOS V\u00cdDEOS DE LSE<br\/>Activar o desactivar todos los v\u00eddeos en lenguaje de signos de la web.<\/li>\n\n\n\n<li>LECTURA O SONIDO DEL CONTENIDO<br\/>Activar o desactivar las locuciones y lecturas del sitio web.<\/li>\n<\/ol>\n<\/div>\n\n\n\n<div class=\"wp-block-column is-layout-flow wp-block-column-is-layout-flow\">\n<figure class=\"wp-block-image aligncenter size-full\"><img loading=\"lazy\" decoding=\"async\" width=\"400\" height=\"700\" src=\"https:\/\/rafoldesalem.es\/wp-content\/uploads\/2022\/11\/accesibilidad-pau-general.jpg\" alt=\"\" class=\"wp-image-2076\" srcset=\"https:\/\/rafoldesalem.es\/wp-content\/uploads\/2022\/11\/accesibilidad-pau-general.jpg 400w, https:\/\/rafoldesalem.es\/wp-content\/uploads\/2022\/11\/accesibilidad-pau-general-171x300.jpg 171w\" sizes=\"auto, (max-width: 400px) 100vw, 400px\" \/><\/figure>\n<\/div>\n<\/div>\n\n<div class=\"wp-block-columns is-layout-flex wp-container-core-columns-is-layout-28f84493 wp-block-columns-is-layout-flex\">\n<div class=\"wp-block-column has-white-background-color has-background is-layout-flow wp-block-column-is-layout-flow\">\n<h2 class=\"has-white-background-color has-background wp-block-heading\">Navegaci\u00f3n<\/h2>\n\n\n\n<ol class=\"wp-block-list\">\n<li>CURSOR GRANDE<br\/>Aumentar o reducir el tama\u00f1o del cursor.<\/li>\n\n\n\n<li>SONIDO AL HACER CLICK<br\/>Activar o desactivar el indicador audiovisual cuando haga click.<\/li>\n\n\n\n<li>MOSTRAR DONDE EST\u00c1S<br\/>Activar o desactivar el aviso que indica la posici\u00f3n o lugar donde est\u00e1s.<\/li>\n\n\n\n<li>ZOOM SOBRE LOS ENLACES<br\/>Activar o desactivar el zoom que se aplica sobre los enlaces del sitio u otros elementos que pueda hacer clic.<\/li>\n<\/ol>\n<\/div>\n\n\n\n<div class=\"wp-block-column is-layout-flow wp-block-column-is-layout-flow\">\n<figure class=\"wp-block-image aligncenter size-full\"><img loading=\"lazy\" decoding=\"async\" width=\"400\" height=\"700\" src=\"https:\/\/rafoldesalem.es\/wp-content\/uploads\/2022\/11\/accesibilidad-pau-navegacion.jpg\" alt=\"\" class=\"wp-image-2078\" srcset=\"https:\/\/rafoldesalem.es\/wp-content\/uploads\/2022\/11\/accesibilidad-pau-navegacion.jpg 400w, https:\/\/rafoldesalem.es\/wp-content\/uploads\/2022\/11\/accesibilidad-pau-navegacion-171x300.jpg 171w\" sizes=\"auto, (max-width: 400px) 100vw, 400px\" \/><\/figure>\n<\/div>\n<\/div>\n\n<div class=\"wp-block-columns is-layout-flex wp-container-core-columns-is-layout-28f84493 wp-block-columns-is-layout-flex\">\n<div class=\"wp-block-column has-white-background-color has-background is-layout-flow wp-block-column-is-layout-flow\">\n<h2 class=\"has-white-background-color has-background wp-block-heading\">Visual<\/h2>\n\n\n\n<ol class=\"wp-block-list\">\n<li>BLANCO\/NEGRO<br\/>Visualizaci\u00f3n a escala de grises.<\/li>\n\n\n\n<li>INVERTIR COLORES<br\/>Invierte los colores del sitio ofreciendo un contraste alto.<\/li>\n\n\n\n<li>DESTACAR EL FUEGO<br\/>Resalta los elementos a los que el usuario o usuaria hace clic.<\/li>\n<\/ol>\n<\/div>\n\n\n\n<div class=\"wp-block-column is-layout-flow wp-block-column-is-layout-flow\">\n<figure class=\"wp-block-image aligncenter size-full\"><img loading=\"lazy\" decoding=\"async\" width=\"400\" height=\"700\" src=\"https:\/\/rafoldesalem.es\/wp-content\/uploads\/2022\/11\/accesibilidad-pau-visual.jpg\" alt=\"\" class=\"wp-image-2080\" srcset=\"https:\/\/rafoldesalem.es\/wp-content\/uploads\/2022\/11\/accesibilidad-pau-visual.jpg 400w, https:\/\/rafoldesalem.es\/wp-content\/uploads\/2022\/11\/accesibilidad-pau-visual-171x300.jpg 171w\" sizes=\"auto, (max-width: 400px) 100vw, 400px\" \/><\/figure>\n<\/div>\n<\/div>\n\n<div class=\"wp-block-columns is-layout-flex wp-container-core-columns-is-layout-28f84493 wp-block-columns-is-layout-flex\">\n<div class=\"wp-block-column has-white-background-color has-background is-layout-flow wp-block-column-is-layout-flow\">\n<h2 class=\"has-white-background-color has-background wp-block-heading\">Fuentes<\/h2>\n\n\n\n<ol class=\"wp-block-list\">\n<li>MEDIDA DE LA FUENTE (EM)<br\/>Aumenta o reduce el tama\u00f1o de la fuente.<\/li>\n\n\n\n<li>LEGIBLE<br\/>Activar o desactivar una fuente lo m\u00e1s legible posible.<\/li>\n\n\n\n<li>DISLEXIA<br\/>Activar o desactivar una fuente especial para personas con Dislexia.<\/li>\n\n\n\n<li>RESALTAR ENLACES<br\/>Subraya o resalta todos los enlaces en la web.<\/li>\n<\/ol>\n<\/div>\n\n\n\n<div class=\"wp-block-column is-layout-flow wp-block-column-is-layout-flow\">\n<figure class=\"wp-block-image aligncenter size-full\"><img loading=\"lazy\" decoding=\"async\" width=\"400\" height=\"700\" src=\"https:\/\/rafoldesalem.es\/wp-content\/uploads\/2022\/11\/accesibilidad-pau-fuentes.jpg\" alt=\"\" class=\"wp-image-2074\" srcset=\"https:\/\/rafoldesalem.es\/wp-content\/uploads\/2022\/11\/accesibilidad-pau-fuentes.jpg 400w, https:\/\/rafoldesalem.es\/wp-content\/uploads\/2022\/11\/accesibilidad-pau-fuentes-171x300.jpg 171w\" sizes=\"auto, (max-width: 400px) 100vw, 400px\" \/><\/figure>\n<\/div>\n<\/div>\n\n<div class=\"wp-block-columns is-layout-flex wp-container-core-columns-is-layout-28f84493 wp-block-columns-is-layout-flex\">\n<div class=\"wp-block-column has-white-background-color has-background is-layout-flow wp-block-column-is-layout-flow\">\n<h2 class=\"has-white-background-color has-background wp-block-heading\">Dise\u00f1o<\/h2>\n\n\n\n<ol class=\"wp-block-list\">\n<li>POR DEFECTO<br\/>Las opciones por defecto de PAU<\/li>\n\n\n\n<li>AUMENTO DEL PANEL<br\/>Aumentar o disminuir el panel<\/li>\n<\/ol>\n<\/div>\n\n\n\n<div class=\"wp-block-column is-layout-flow wp-block-column-is-layout-flow\">\n<figure class=\"wp-block-image aligncenter size-full\"><img loading=\"lazy\" decoding=\"async\" width=\"400\" height=\"700\" src=\"https:\/\/rafoldesalem.es\/wp-content\/uploads\/2022\/11\/accesibilidad-pau-diseno.jpg\" alt=\"\" class=\"wp-image-2072\" srcset=\"https:\/\/rafoldesalem.es\/wp-content\/uploads\/2022\/11\/accesibilidad-pau-diseno.jpg 400w, https:\/\/rafoldesalem.es\/wp-content\/uploads\/2022\/11\/accesibilidad-pau-diseno-171x300.jpg 171w\" sizes=\"auto, (max-width: 400px) 100vw, 400px\" \/><\/figure>\n<\/div>\n<\/div>\n\n<div class=\"wp-block-columns is-layout-flex wp-container-core-columns-is-layout-28f84493 wp-block-columns-is-layout-flex\">\n<div class=\"wp-block-column has-white-background-color has-background is-layout-flow wp-block-column-is-layout-flow\">\n<h2 class=\"has-white-background-color has-background wp-block-heading\">Ayuda<\/h2>\n\n\n\n<ol class=\"wp-block-list\">\n<li>POR DEFECTO<br\/>Documentaci\u00f3n<\/li>\n<\/ol>\n<\/div>\n\n\n\n<div class=\"wp-block-column is-layout-flow wp-block-column-is-layout-flow\">\n<figure class=\"wp-block-image aligncenter size-full\"><img loading=\"lazy\" decoding=\"async\" width=\"400\" height=\"700\" src=\"https:\/\/rafoldesalem.es\/wp-content\/uploads\/2022\/11\/accesibilidad-pau-ayuda.jpg\" alt=\"\" class=\"wp-image-2070\" srcset=\"https:\/\/rafoldesalem.es\/wp-content\/uploads\/2022\/11\/accesibilidad-pau-ayuda.jpg 400w, https:\/\/rafoldesalem.es\/wp-content\/uploads\/2022\/11\/accesibilidad-pau-ayuda-171x300.jpg 171w\" sizes=\"auto, (max-width: 400px) 100vw, 400px\" \/><\/figure>\n<\/div>\n<\/div><!--themify_builder_content-->\n<div id=\"themify_builder_content-2115\" data-postid=\"2115\" class=\"themify_builder_content themify_builder_content-2115 themify_builder tf_clear\">\n    <\/div>\n<!--\/themify_builder_content-->","protected":false},"excerpt":{"rendered":"<p>FUNCIONES DEL PANEL DE ACCESIBILIDAD UNIVERSAL EN LA WEB DEL AYUNTAMIENTO DE R\u00c1FOL DE SALEM El Panel de Accesibilidad Universal (PAU) es una herramienta de accesibilidad web creada despu\u00e9s de 7 a\u00f1os de investigaci\u00f3n, desarrollo y evaluaci\u00f3n de las principales asociaciones del sector de la inclusi\u00f3n y diversidad (discapacidad) de Espa\u00f1a. Fue pensada y desarrollada [&hellip;]<\/p>\n","protected":false},"author":1,"featured_media":0,"parent":0,"menu_order":0,"comment_status":"closed","ping_status":"closed","template":"","meta":{"footnotes":""},"class_list":["post-2115","page","type-page","status-publish","hentry","has-post-title","has-post-date","has-post-category","has-post-tag","has-post-comment","has-post-author",""],"builder_content":"","_links":{"self":[{"href":"https:\/\/rafoldesalem.es\/es\/wp-json\/wp\/v2\/pages\/2115","targetHints":{"allow":["GET"]}}],"collection":[{"href":"https:\/\/rafoldesalem.es\/es\/wp-json\/wp\/v2\/pages"}],"about":[{"href":"https:\/\/rafoldesalem.es\/es\/wp-json\/wp\/v2\/types\/page"}],"author":[{"embeddable":true,"href":"https:\/\/rafoldesalem.es\/es\/wp-json\/wp\/v2\/users\/1"}],"replies":[{"embeddable":true,"href":"https:\/\/rafoldesalem.es\/es\/wp-json\/wp\/v2\/comments?post=2115"}],"version-history":[{"count":2,"href":"https:\/\/rafoldesalem.es\/es\/wp-json\/wp\/v2\/pages\/2115\/revisions"}],"predecessor-version":[{"id":2121,"href":"https:\/\/rafoldesalem.es\/es\/wp-json\/wp\/v2\/pages\/2115\/revisions\/2121"}],"wp:attachment":[{"href":"https:\/\/rafoldesalem.es\/es\/wp-json\/wp\/v2\/media?parent=2115"}],"curies":[{"name":"wp","href":"https:\/\/api.w.org\/{rel}","templated":true}]}}